{"id":34632,"date":"2025-01-31T20:51:02","date_gmt":"2025-01-31T19:51:02","guid":{"rendered":"https:\/\/learningdesignerin.com\/?page_id=34632"},"modified":"2026-02-27T17:26:49","modified_gmt":"2026-02-27T16:26:49","slug":"spark-circles","status":"publish","type":"page","link":"https:\/\/learningdesignerin.com\/de\/spark-circles\/","title":{"rendered":"Spark Circles"},"content":{"rendered":"<div data-elementor-type=\"wp-page\" data-elementor-id=\"34632\" class=\"elementor elementor-34632\" data-elementor-post-type=\"page\">\n\t\t\t\t<div class=\"elementor-element elementor-element-315c759a e-flex e-con-boxed e-con e-parent\" data-id=\"315c759a\" data-element_type=\"container\" data-e-type=\"container\">\n\t\t\t\t\t<div class=\"e-con-inner\">\n\t\t\t\t<div class=\"elementor-element elementor-element-35cfc615 elementor-widget elementor-widget-theme-post-title elementor-page-title elementor-widget-heading\" data-id=\"35cfc615\" data-element_type=\"widget\" data-e-type=\"widget\" data-widget_type=\"theme-post-title.default\">\n\t\t\t\t<div class=\"elementor-widget-container\">\n\t\t\t\t\t<h1 class=\"elementor-heading-title elementor-size-default\">Spark Circles<\/h1>\t\t\t\t<\/div>\n\t\t\t\t<\/div>\n\t\t<div class=\"elementor-element elementor-element-52f7aa84 e-con-full e-flex e-con e-child\" data-id=\"52f7aa84\" data-element_type=\"container\" data-e-type=\"container\" data-settings=\"{&quot;background_background&quot;:&quot;classic&quot;}\">\n\t\t<div class=\"elementor-element elementor-element-bdd5ca9 e-con-full e-flex e-con e-child\" data-id=\"bdd5ca9\" data-element_type=\"container\" data-e-type=\"container\">\n\t\t\t\t<div class=\"elementor-element elementor-element-f62d9b2 elementor-widget elementor-widget-text-editor\" data-id=\"f62d9b2\" data-element_type=\"widget\" data-e-type=\"widget\" data-widget_type=\"text-editor.default\">\n\t\t\t\t<div class=\"elementor-widget-container\">\n\t\t\t\t\t\t\t\t\t<p>Nexoras Fallbeispiel beschreibt eine interne informelle Vernetzungsstrategie, um das Zugeh\u00f6rigkeitsgef\u00fchl \u00fcber Abteilungsgrenzen hinweg in gro\u00dfen Organisationen zu st\u00e4rken.<br \/><!-- notionvc: 622fcd31-b757-416e-9d2d-986c484a9c0a --><\/p>\t\t\t\t\t\t\t\t<\/div>\n\t\t\t\t<\/div>\n\t\t\t\t<\/div>\n\t\t\t\t<div class=\"elementor-element elementor-element-641fb011 elementor-widget elementor-widget-image\" data-id=\"641fb011\" data-element_type=\"widget\" data-e-type=\"widget\" data-widget_type=\"image.default\">\n\t\t\t\t<div class=\"elementor-widget-container\">\n\t\t\t\t\t\t\t\t\t\t\t\t<figure class=\"wp-caption\">\n\t\t\t\t\t\t\t\t\t\t<img fetchpriority=\"high\" decoding=\"async\" width=\"1190\" height=\"1066\" src=\"https:\/\/learningdesignerin.com\/wp-content\/uploads\/2025\/01\/Nexoras-Cover.png\" class=\"attachment-full size-full wp-image-34652\" alt=\"Nexora&#039;s Spark Circles. Fuel Conversations &amp; Build Connections.\" srcset=\"https:\/\/learningdesignerin.com\/wp-content\/uploads\/2025\/01\/Nexoras-Cover.png 1190w, https:\/\/learningdesignerin.com\/wp-content\/uploads\/2025\/01\/Nexoras-Cover-300x269.png 300w, https:\/\/learningdesignerin.com\/wp-content\/uploads\/2025\/01\/Nexoras-Cover-1024x917.png 1024w, https:\/\/learningdesignerin.com\/wp-content\/uploads\/2025\/01\/Nexoras-Cover-768x688.png 768w\" sizes=\"(max-width: 1190px) 100vw, 1190px\" \/>\t\t\t\t\t\t\t\t\t\t\t<figcaption class=\"widget-image-caption wp-caption-text\"><\/figcaption>\n\t\t\t\t\t\t\t\t\t\t<\/figure>\n\t\t\t\t\t\t\t\t\t<\/div>\n\t\t\t\t<\/div>\n\t\t<div class=\"elementor-element elementor-element-0c31589 e-con-full e-flex e-con e-child\" data-id=\"0c31589\" data-element_type=\"container\" data-e-type=\"container\" data-settings=\"{&quot;background_background&quot;:&quot;classic&quot;}\">\n\t\t\t\t<div class=\"elementor-element elementor-element-96f073c elementor-widget elementor-widget-heading\" data-id=\"96f073c\" data-element_type=\"widget\" data-e-type=\"widget\" data-widget_type=\"heading.default\">\n\t\t\t\t<div class=\"elementor-widget-container\">\n\t\t\t\t\t<span class=\"elementor-heading-title elementor-size-default\">Projektdetails<\/span>\t\t\t\t<\/div>\n\t\t\t\t<\/div>\n\t\t\t\t<div class=\"elementor-element elementor-element-6cb0fc3 elementor-icon-list--layout-traditional elementor-list-item-link-full_width elementor-widget elementor-widget-icon-list\" data-id=\"6cb0fc3\" data-element_type=\"widget\" data-e-type=\"widget\" data-widget_type=\"icon-list.default\">\n\t\t\t\t<div class=\"elementor-widget-container\">\n\t\t\t\t\t\t\t<ul class=\"elementor-icon-list-items\">\n\t\t\t\t\t\t\t<li class=\"elementor-icon-list-item\">\n\t\t\t\t\t\t\t\t\t\t\t<span class=\"elementor-icon-list-icon\">\n\t\t\t\t\t\t\t<svg xmlns=\"http:\/\/www.w3.org\/2000\/svg\" viewbox=\"0 0 58.4 33.8\"><g><g id=\"Layer_1\"><g><path d=\"M46.4,9.9l-1.9,1.9,8.7,8.7h-21.9c0-5.8-.8-11.7-5.6-15.7C21.7,1.4,15.7-.5,10.5.1,6.8.5,3.8,2.1,1.8,4.8.2,6.9-.3,9.3.2,11.8c.7,3.3,3.3,6.6,6.9,8.7,4.4,2.5,9.3,2.5,13.9,2.5h7.6s0,.3,0,.3c0,.8,0,1.7,0,2.5v.5h2.7v-.5c0-.8,0-1.7,0-2.5v-.3h22.1l-8.8,8.8,1.9,1.9,12-12-12-11.9ZM21,20.4c-4.3,0-8.8,0-12.6-2.1-3-1.8-5.1-4.4-5.7-6.9-.4-1.8,0-3.4,1.1-5,1.7-2.3,4.8-3.7,7.8-3.7s.2,0,.3,0h0c4.3,0,8.8,1.6,11.8,4.1,4.2,3.5,4.7,8.9,4.7,13.7h-7.6Z\"><\/path><rect x=\"28.6\" y=\"27.6\" width=\"2.7\" height=\"6.1\"><\/rect><\/g><\/g><\/g><\/svg>\t\t\t\t\t\t<\/span>\n\t\t\t\t\t\t\t\t\t\t<span class=\"elementor-icon-list-text\">Prozess: Design Thinking (Discover, Define, Develop, Deliver)<\/span>\n\t\t\t\t\t\t\t\t\t<\/li>\n\t\t\t\t\t\t\t\t<li class=\"elementor-icon-list-item\">\n\t\t\t\t\t\t\t\t\t\t\t<span class=\"elementor-icon-list-icon\">\n\t\t\t\t\t\t\t<svg xmlns=\"http:\/\/www.w3.org\/2000\/svg\" viewbox=\"0 0 58.4 33.8\"><g><g id=\"Layer_1\"><g><path d=\"M46.4,9.9l-1.9,1.9,8.7,8.7h-21.9c0-5.8-.8-11.7-5.6-15.7C21.7,1.4,15.7-.5,10.5.1,6.8.5,3.8,2.1,1.8,4.8.2,6.9-.3,9.3.2,11.8c.7,3.3,3.3,6.6,6.9,8.7,4.4,2.5,9.3,2.5,13.9,2.5h7.6s0,.3,0,.3c0,.8,0,1.7,0,2.5v.5h2.7v-.5c0-.8,0-1.7,0-2.5v-.3h22.1l-8.8,8.8,1.9,1.9,12-12-12-11.9ZM21,20.4c-4.3,0-8.8,0-12.6-2.1-3-1.8-5.1-4.4-5.7-6.9-.4-1.8,0-3.4,1.1-5,1.7-2.3,4.8-3.7,7.8-3.7s.2,0,.3,0h0c4.3,0,8.8,1.6,11.8,4.1,4.2,3.5,4.7,8.9,4.7,13.7h-7.6Z\"><\/path><rect x=\"28.6\" y=\"27.6\" width=\"2.7\" height=\"6.1\"><\/rect><\/g><\/g><\/g><\/svg>\t\t\t\t\t\t<\/span>\n\t\t\t\t\t\t\t\t\t\t<span class=\"elementor-icon-list-text\">Tools: Recherche und Interviews, Datenanalyse und Archetypes, HMW-Fragen, Brainstorming, Prototype and Test, Iteration und Skalierung<\/span>\n\t\t\t\t\t\t\t\t\t<\/li>\n\t\t\t\t\t\t\t\t<li class=\"elementor-icon-list-item\">\n\t\t\t\t\t\t\t\t\t\t\t<span class=\"elementor-icon-list-icon\">\n\t\t\t\t\t\t\t<svg xmlns=\"http:\/\/www.w3.org\/2000\/svg\" viewbox=\"0 0 58.4 33.8\"><g><g id=\"Layer_1\"><g><path d=\"M46.4,9.9l-1.9,1.9,8.7,8.7h-21.9c0-5.8-.8-11.7-5.6-15.7C21.7,1.4,15.7-.5,10.5.1,6.8.5,3.8,2.1,1.8,4.8.2,6.9-.3,9.3.2,11.8c.7,3.3,3.3,6.6,6.9,8.7,4.4,2.5,9.3,2.5,13.9,2.5h7.6s0,.3,0,.3c0,.8,0,1.7,0,2.5v.5h2.7v-.5c0-.8,0-1.7,0-2.5v-.3h22.1l-8.8,8.8,1.9,1.9,12-12-12-11.9ZM21,20.4c-4.3,0-8.8,0-12.6-2.1-3-1.8-5.1-4.4-5.7-6.9-.4-1.8,0-3.4,1.1-5,1.7-2.3,4.8-3.7,7.8-3.7s.2,0,.3,0h0c4.3,0,8.8,1.6,11.8,4.1,4.2,3.5,4.7,8.9,4.7,13.7h-7.6Z\"><\/path><rect x=\"28.6\" y=\"27.6\" width=\"2.7\" height=\"6.1\"><\/rect><\/g><\/g><\/g><\/svg>\t\t\t\t\t\t<\/span>\n\t\t\t\t\t\t\t\t\t\t<span class=\"elementor-icon-list-text\">Jahr: 2025<\/span>\n\t\t\t\t\t\t\t\t\t<\/li>\n\t\t\t\t\t\t<\/ul>\n\t\t\t\t\t\t<\/div>\n\t\t\t\t<\/div>\n\t\t\t\t<\/div>\n\t\t<div class=\"elementor-element elementor-element-7a83624a e-con-full e-flex e-con e-child\" data-id=\"7a83624a\" data-element_type=\"container\" data-e-type=\"container\">\n\t\t\t\t<div class=\"elementor-element elementor-element-7187c7f7 elementor-widget elementor-widget-heading\" data-id=\"7187c7f7\" data-element_type=\"widget\" data-e-type=\"widget\" data-widget_type=\"heading.default\">\n\t\t\t\t<div class=\"elementor-widget-container\">\n\t\t\t\t\t<h2 class=\"elementor-heading-title elementor-size-default\">Kontext<\/h2>\t\t\t\t<\/div>\n\t\t\t\t<\/div>\n\t\t\t\t<\/div>\n\t\t\t\t<div class=\"elementor-element elementor-element-ef2698a elementor-widget elementor-widget-text-editor\" data-id=\"ef2698a\" data-element_type=\"widget\" data-e-type=\"widget\" data-widget_type=\"text-editor.default\">\n\t\t\t\t<div class=\"elementor-widget-container\">\n\t\t\t\t\t\t\t\t\t<p>Remote- und verteilte Teams haben selten Gelegenheit f\u00fcr informelle Gespr\u00e4che und spontanen Austausch. Distanz und volle Kalender f\u00fchren zu Silostrukturen, die abteilungs\u00fcbergreifende Zusammenarbeit erschweren und das Zugeh\u00f6rigkeitsgef\u00fchl schw\u00e4chen. Wie k\u00f6nnen wir virtuelle R\u00e4ume schaffen, in denen sich Kolleg:innen trotz unterschiedlicher Standorte nat\u00fcrlich vernetzen, Ideen austauschen und inspiriert werden ohne dass es sich erzwungen anf\u00fchlt?<\/p>\t\t\t\t\t\t\t\t<\/div>\n\t\t\t\t<\/div>\n\t\t<div class=\"elementor-element elementor-element-fe9ecac e-con-full e-flex e-con e-child\" data-id=\"fe9ecac\" data-element_type=\"container\" data-e-type=\"container\">\n\t\t\t\t<div class=\"elementor-element elementor-element-ec06298 elementor-widget elementor-widget-heading\" data-id=\"ec06298\" data-element_type=\"widget\" data-e-type=\"widget\" data-widget_type=\"heading.default\">\n\t\t\t\t<div class=\"elementor-widget-container\">\n\t\t\t\t\t<h2 class=\"elementor-heading-title elementor-size-default\">L\u00f6sung<\/h2>\t\t\t\t<\/div>\n\t\t\t\t<\/div>\n\t\t\t\t<\/div>\n\t\t\t\t<div class=\"elementor-element elementor-element-c7b4223 elementor-widget elementor-widget-text-editor\" data-id=\"c7b4223\" data-element_type=\"widget\" data-e-type=\"widget\" data-widget_type=\"text-editor.default\">\n\t\t\t\t<div class=\"elementor-widget-container\">\n\t\t\t\t\t\t\t\t\t<p><em>Spark Circles<\/em> sind informelle, freiwillige Mittagstreffen, bei denen sich Kolleg:innen in kleinen Breakout-Rooms begegnen, um standort\u00fcbergreifend Einblicke zu teilen, Herausforderungen zu besprechen und neue Ideen zu erkunden. Die Sessions finden alle zwei Wochen statt, werden von freiwilligen Facilitator:innen organisiert und von den Teilnehmenden selbst moderiert.<\/p>\t\t\t\t\t\t\t\t<\/div>\n\t\t\t\t<\/div>\n\t\t\t\t<div class=\"elementor-element elementor-element-aa308f3 elementor-widget elementor-widget-gallery\" data-id=\"aa308f3\" data-element_type=\"widget\" data-e-type=\"widget\" data-settings=\"{&quot;gallery_layout&quot;:&quot;masonry&quot;,&quot;columns&quot;:2,&quot;lazyload&quot;:&quot;yes&quot;,&quot;columns_tablet&quot;:2,&quot;columns_mobile&quot;:1,&quot;gap&quot;:{&quot;unit&quot;:&quot;px&quot;,&quot;size&quot;:10,&quot;sizes&quot;:[]},&quot;gap_laptop&quot;:{&quot;unit&quot;:&quot;px&quot;,&quot;size&quot;:10,&quot;sizes&quot;:[]},&quot;gap_tablet_extra&quot;:{&quot;unit&quot;:&quot;px&quot;,&quot;size&quot;:10,&quot;sizes&quot;:[]},&quot;gap_tablet&quot;:{&quot;unit&quot;:&quot;px&quot;,&quot;size&quot;:10,&quot;sizes&quot;:[]},&quot;gap_mobile&quot;:{&quot;unit&quot;:&quot;px&quot;,&quot;size&quot;:10,&quot;sizes&quot;:[]},&quot;overlay_background&quot;:&quot;yes&quot;,&quot;content_hover_animation&quot;:&quot;fade-in&quot;}\" data-widget_type=\"gallery.default\">\n\t\t\t\t<div class=\"elementor-widget-container\">\n\t\t\t\t\t\t\t<div class=\"elementor-gallery__container\">\n\t\t\t\t\t\t\t<div class=\"e-gallery-item elementor-gallery-item elementor-animated-content\">\n\t\t\t\t\t<div class=\"e-gallery-image elementor-gallery-item__image\" data-thumbnail=\"https:\/\/learningdesignerin.com\/wp-content\/uploads\/2025\/01\/Sparks-Process.png\" data-width=\"1190\" data-height=\"1680\" aria-label=\"The Double Diamond with the phases: discover, define, develop, deliver. In the middle the How Might We Question.\" role=\"img\" ><\/div>\n\t\t\t\t\t\t\t\t\t\t\t<div class=\"elementor-gallery-item__overlay\"><\/div>\n\t\t\t\t\t\t\t\t\t\t\t\t\t\t<\/div>\n\t\t\t\t\t\t\t<div class=\"e-gallery-item elementor-gallery-item elementor-animated-content\">\n\t\t\t\t\t<div class=\"e-gallery-image elementor-gallery-item__image\" data-thumbnail=\"https:\/\/learningdesignerin.com\/wp-content\/uploads\/2025\/01\/Sparks-Questions.png\" data-width=\"1190\" data-height=\"1680\" aria-label=\"Wie k\u00f6nnen wir virtuelle R\u00e4ume schaffen, in denen sich Kolleg:innen trotz unterschiedlicher Standorte nat\u00fcrlich vernetzen, Ideen austauschen und inspiriert werden \u2013 ohne dass es sich erzwungen anf\u00fchlt?\" role=\"img\" ><\/div>\n\t\t\t\t\t\t\t\t\t\t\t<div class=\"elementor-gallery-item__overlay\"><\/div>\n\t\t\t\t\t\t\t\t\t\t\t\t\t\t<\/div>\n\t\t\t\t\t\t\t<div class=\"e-gallery-item elementor-gallery-item elementor-animated-content\">\n\t\t\t\t\t<div class=\"e-gallery-image elementor-gallery-item__image\" data-thumbnail=\"https:\/\/learningdesignerin.com\/wp-content\/uploads\/2025\/01\/Sparks-People.png\" data-width=\"1190\" data-height=\"1680\" aria-label=\"The Archetypes: Curious Beginners, Social Experts, Pragmatic Experts\" role=\"img\" ><\/div>\n\t\t\t\t\t\t\t\t\t\t\t<div class=\"elementor-gallery-item__overlay\"><\/div>\n\t\t\t\t\t\t\t\t\t\t\t\t\t\t<\/div>\n\t\t\t\t\t\t\t<div class=\"e-gallery-item elementor-gallery-item elementor-animated-content\">\n\t\t\t\t\t<div class=\"e-gallery-image elementor-gallery-item__image\" data-thumbnail=\"https:\/\/learningdesignerin.com\/wp-content\/uploads\/2025\/01\/Sparks-Principles.png\" data-width=\"1190\" data-height=\"1680\" aria-label=\"Spark Circles Key Principles: Simplicity, Relevance, Lightness, Connection\" role=\"img\" ><\/div>\n\t\t\t\t\t\t\t\t\t\t\t<div class=\"elementor-gallery-item__overlay\"><\/div>\n\t\t\t\t\t\t\t\t\t\t\t\t\t\t<\/div>\n\t\t\t\t\t<\/div>\n\t\t\t\t\t<\/div>\n\t\t\t\t<\/div>\n\t\t<div class=\"elementor-element elementor-element-8d0367f e-con-full e-flex e-con e-child\" data-id=\"8d0367f\" data-element_type=\"container\" data-e-type=\"container\">\n\t\t\t\t<div class=\"elementor-element elementor-element-d7b6be4 elementor-widget elementor-widget-heading\" data-id=\"d7b6be4\" data-element_type=\"widget\" data-e-type=\"widget\" data-widget_type=\"heading.default\">\n\t\t\t\t<div class=\"elementor-widget-container\">\n\t\t\t\t\t<h2 class=\"elementor-heading-title elementor-size-default\">Ergebnisse<\/h2>\t\t\t\t<\/div>\n\t\t\t\t<\/div>\n\t\t\t\t<div class=\"elementor-element elementor-element-ad8d800 elementor-widget elementor-widget-text-editor\" data-id=\"ad8d800\" data-element_type=\"widget\" data-e-type=\"widget\" data-widget_type=\"text-editor.default\">\n\t\t\t\t<div class=\"elementor-widget-container\">\n\t\t\t\t\t\t\t\t\t<p>Die Testgruppe sch\u00e4tzte besonders die Einfachheit und K\u00fcrze des Formats, die M\u00f6glichkeit, Gespr\u00e4chsthemen zu w\u00e4hlen, und die Gelegenheit, etwas Neues \u00fcber ihre Kolleg:innen zu erfahren. Die Balance zwischen Mehrwert und Zeitaufwand ist entscheidend. <span style=\"color: var( --e-global-color-text ); letter-spacing: 0em; text-align: var(--text-align); background-color: var( --e-global-color-a8cbb88 );\">Ein gebrauchsfertiges Toolbox mit Themen und Aktivit\u00e4ten f\u00fcr freiwillige Hosts hilft, Zeitdruck und Skepsis in standort\u00fcbergreifenden Netzwerken zu \u00fcberwinden.<\/span><span style=\"color: var( --e-global-color-text ); letter-spacing: 0em; text-align: var(--text-align); background-color: var( --e-global-color-a8cbb88 );\">\u00a0time constraints and skepticism in cross-location networks.<\/span><\/p>\t\t\t\t\t\t\t\t<\/div>\n\t\t\t\t<\/div>\n\t\t\t\t<\/div>\n\t\t<div class=\"elementor-element elementor-element-4a874b0 e-con-full e-flex e-con e-child\" data-id=\"4a874b0\" data-element_type=\"container\" data-e-type=\"container\">\n\t\t\t\t<div class=\"elementor-element elementor-element-f7380f3 elementor-widget elementor-widget-heading\" data-id=\"f7380f3\" data-element_type=\"widget\" data-e-type=\"widget\" data-widget_type=\"heading.default\">\n\t\t\t\t<div class=\"elementor-widget-container\">\n\t\t\t\t\t<h2 class=\"elementor-heading-title elementor-size-default\">Takeaways<\/h2>\t\t\t\t<\/div>\n\t\t\t\t<\/div>\n\t\t\t\t<div class=\"elementor-element elementor-element-bebafb0 elementor-widget elementor-widget-text-editor\" data-id=\"bebafb0\" data-element_type=\"widget\" data-e-type=\"widget\" data-widget_type=\"text-editor.default\">\n\t\t\t\t<div class=\"elementor-widget-container\">\n\t\t\t\t\t\t\t\t\t<p class=\"p1\">Mit Menschen zu sprechen und ihre Denkweise zu verstehen ist der Schl\u00fcssel, um Verbindung und Zusammenarbeit zu f\u00f6rdern. Echte Wirkung entsteht durch Co-Creation \u2014 wenn Menschen gemeinsam bedeutungsvolle Erlebnisse gestalten. Um wirklich wirksam zu sein, m\u00fcssen diese Erlebnisse bewusst designed werden: \u00dcber greifbare Ergebnisse hinaus schaffen sie emotionale Verbindungen, die nachwirken und echtes Engagement erzeugen.<\/p><p><small><strong>Disclaimer:<\/strong> Diese Fallstudie basiert auf einem realen Projekt, wurde jedoch aus Vertraulichkeitsgr\u00fcnden angepasst. Details wurden ver\u00e4ndert, Methoden und zentrale Erkenntnisse bleiben authentisch.<\/small><\/p>\t\t\t\t\t\t\t\t<\/div>\n\t\t\t\t<\/div>\n\t\t\t\t<\/div>\n\t\t\t\t<div class=\"elementor-element elementor-element-c0fc120 elementor-align-center btn-link2 elementor-widget elementor-widget-button\" data-id=\"c0fc120\" data-element_type=\"widget\" data-e-type=\"widget\" data-widget_type=\"button.default\">\n\t\t\t\t<div class=\"elementor-widget-container\">\n\t\t\t\t\t\t\t\t\t<div class=\"elementor-button-wrapper\">\n\t\t\t\t\t<a class=\"elementor-button elementor-button-link elementor-size-sm elementor-animation-grow\" href=\"http:\/\/learningdesignerin.com\/wp-content\/uploads\/2025\/01\/Case_Spark_Circles.pdf\" target=\"_blank\">\n\t\t\t\t\t\t<span class=\"elementor-button-content-wrapper\">\n\t\t\t\t\t\t<span class=\"elementor-button-icon\">\n\t\t\t\t<svg xmlns=\"http:\/\/www.w3.org\/2000\/svg\" viewbox=\"0 0 58.4 33.8\"><g><g id=\"Layer_1\"><g><path d=\"M46.4,9.9l-1.9,1.9,8.7,8.7h-21.9c0-5.8-.8-11.7-5.6-15.7C21.7,1.4,15.7-.5,10.5.1,6.8.5,3.8,2.1,1.8,4.8.2,6.9-.3,9.3.2,11.8c.7,3.3,3.3,6.6,6.9,8.7,4.4,2.5,9.3,2.5,13.9,2.5h7.6s0,.3,0,.3c0,.8,0,1.7,0,2.5v.5h2.7v-.5c0-.8,0-1.7,0-2.5v-.3h22.1l-8.8,8.8,1.9,1.9,12-12-12-11.9ZM21,20.4c-4.3,0-8.8,0-12.6-2.1-3-1.8-5.1-4.4-5.7-6.9-.4-1.8,0-3.4,1.1-5,1.7-2.3,4.8-3.7,7.8-3.7s.2,0,.3,0h0c4.3,0,8.8,1.6,11.8,4.1,4.2,3.5,4.7,8.9,4.7,13.7h-7.6Z\"><\/path><rect x=\"28.6\" y=\"27.6\" width=\"2.7\" height=\"6.1\"><\/rect><\/g><\/g><\/g><\/svg>\t\t\t<\/span>\n\t\t\t\t\t\t\t\t\t<span class=\"elementor-button-text\">Schaue dir das Fallbeispiel an<\/span>\n\t\t\t\t\t<\/span>\n\t\t\t\t\t<\/a>\n\t\t\t\t<\/div>\n\t\t\t\t\t\t\t\t<\/div>\n\t\t\t\t<\/div>\n\t\t\t\t<\/div>\n\t\t\t\t\t<\/div>\n\t\t\t\t<\/div>\n\t\t\t\t<\/div>","protected":false},"excerpt":{"rendered":"<p>Nexora&#8217;s Case Study is an internal informal networking strategy to foster a sense of belonging across departments in big organisations. Project details Process: Design thinking process (discover, define, develop, deliver) Tools: research and interviews, data analysis and archetypes, HMW-questions, brainstorming, prototype and test, iteration and scaling Year: 2025 Context Remote and distributed teams often lack [&hellip;]<\/p>\n","protected":false},"author":1,"featured_media":0,"parent":0,"menu_order":0,"comment_status":"closed","ping_status":"closed","template":"","meta":{"footnotes":""},"class_list":["post-34632","page","type-page","status-publish","hentry"],"_links":{"self":[{"href":"https:\/\/learningdesignerin.com\/de\/wp-json\/wp\/v2\/pages\/34632","targetHints":{"allow":["GET"]}}],"collection":[{"href":"https:\/\/learningdesignerin.com\/de\/wp-json\/wp\/v2\/pages"}],"about":[{"href":"https:\/\/learningdesignerin.com\/de\/wp-json\/wp\/v2\/types\/page"}],"author":[{"embeddable":true,"href":"https:\/\/learningdesignerin.com\/de\/wp-json\/wp\/v2\/users\/1"}],"replies":[{"embeddable":true,"href":"https:\/\/learningdesignerin.com\/de\/wp-json\/wp\/v2\/comments?post=34632"}],"version-history":[{"count":30,"href":"https:\/\/learningdesignerin.com\/de\/wp-json\/wp\/v2\/pages\/34632\/revisions"}],"predecessor-version":[{"id":36000,"href":"https:\/\/learningdesignerin.com\/de\/wp-json\/wp\/v2\/pages\/34632\/revisions\/36000"}],"wp:attachment":[{"href":"https:\/\/learningdesignerin.com\/de\/wp-json\/wp\/v2\/media?parent=34632"}],"curies":[{"name":"wp","href":"https:\/\/api.w.org\/{rel}","templated":true}]}}