{"id":34624,"date":"2025-01-31T11:05:48","date_gmt":"2025-01-31T10:05:48","guid":{"rendered":"https:\/\/learningdesignerin.com\/?page_id=34624"},"modified":"2025-11-11T19:21:34","modified_gmt":"2025-11-11T18:21:34","slug":"accessibility-statement","status":"publish","type":"page","link":"https:\/\/learningdesignerin.com\/de\/accessibility-statement\/","title":{"rendered":"Barrierefreiheit"},"content":{"rendered":"<div data-elementor-type=\"wp-page\" data-elementor-id=\"34624\" class=\"elementor elementor-34624\" data-elementor-post-type=\"page\">\n\t\t\t\t<div class=\"elementor-element elementor-element-342aeb93 e-flex e-con-boxed e-con e-parent\" data-id=\"342aeb93\" data-element_type=\"container\" data-e-type=\"container\">\n\t\t\t\t\t<div class=\"e-con-inner\">\n\t\t<div class=\"elementor-element elementor-element-9d7049e e-con-full e-flex e-con e-child\" data-id=\"9d7049e\" data-element_type=\"container\" data-e-type=\"container\">\n\t\t<div class=\"elementor-element elementor-element-215cb3a e-flex e-con-boxed e-con e-child\" data-id=\"215cb3a\" data-element_type=\"container\" data-e-type=\"container\" data-settings=\"{&quot;background_background&quot;:&quot;classic&quot;}\">\n\t\t\t\t\t<div class=\"e-con-inner\">\n\t\t\t\t<div class=\"elementor-element elementor-element-dfc900c margin-bottom-5 elementor-widget elementor-widget-theme-post-title elementor-page-title elementor-widget-heading\" data-id=\"dfc900c\" data-element_type=\"widget\" data-e-type=\"widget\" data-widget_type=\"theme-post-title.default\">\n\t\t\t\t<div class=\"elementor-widget-container\">\n\t\t\t\t\t<h1 class=\"elementor-heading-title elementor-size-default\">Barrierefreiheit<\/h1>\t\t\t\t<\/div>\n\t\t\t\t<\/div>\n\t\t\t\t\t<\/div>\n\t\t\t\t<\/div>\n\t\t<div class=\"elementor-element elementor-element-dfcc2a4 e-flex e-con-boxed e-con e-child\" data-id=\"dfcc2a4\" data-element_type=\"container\" data-e-type=\"container\" data-settings=\"{&quot;background_background&quot;:&quot;classic&quot;}\">\n\t\t\t\t\t<div class=\"e-con-inner\">\n\t\t\t\t<div class=\"elementor-element elementor-element-e428ab4 elementor-widget elementor-widget-text-editor\" data-id=\"e428ab4\" data-element_type=\"widget\" data-e-type=\"widget\" data-widget_type=\"text-editor.default\">\n\t\t\t\t<div class=\"elementor-widget-container\">\n\t\t\t\t\t\t\t\t\t<p><strong>Mir ist es wichtig, dass meine Website f\u00fcr alle Menschen zug\u00e4nglich ist \u2013 unabh\u00e4ngig von ihren Voraussetzungen.\u00a0<\/strong><\/p><p>Ich freue mich \u00fcber jedes Feedback, wie ich die Barrierefreiheit dieser Seite weiter verbessern kann. Solltest du auf Hindernisse sto\u00dfen oder Verbesserungsvorschl\u00e4ge haben, schreib mir bitte einfach eine E-Mail an: <a href=\"mailto:teresa@learningdesignerin.com\">teresa@learningdesignerin.com<\/a>Deine R\u00fcckmeldung hilft mir sehr \u2013 danke f\u00fcr deine Unterst\u00fctzung!<\/p><hr \/>\t\t\t\t\t\t\t\t<\/div>\n\t\t\t\t<\/div>\n\t\t\t\t<div class=\"elementor-element elementor-element-9a14013 elementor-widget elementor-widget-heading\" data-id=\"9a14013\" data-element_type=\"widget\" data-e-type=\"widget\" data-widget_type=\"heading.default\">\n\t\t\t\t<div class=\"elementor-widget-container\">\n\t\t\t\t\t<h2 class=\"elementor-heading-title elementor-size-default\">Konformit\u00e4tsstatus<\/h2>\t\t\t\t<\/div>\n\t\t\t\t<\/div>\n\t\t\t\t<div class=\"elementor-element elementor-element-e7d1019 elementor-widget elementor-widget-text-editor\" data-id=\"e7d1019\" data-element_type=\"widget\" data-e-type=\"widget\" data-widget_type=\"text-editor.default\">\n\t\t\t\t<div class=\"elementor-widget-container\">\n\t\t\t\t\t\t\t\t\t<p><a style=\"overflow-wrap: break-word; word-wrap: break-word; word-break: break-all; display: inline-block; max-width: 100%;\" href=\"https:\/\/www.linkedin.com\/in\/teresamorenoaponte\/\">Die\u00a0<\/a><a href=\"https:\/\/www.w3.org\/WAI\/standards-guidelines\/wcag\/\">Web Content Accessibility Guidelines (WCAG)<\/a>\u00a0definieren Anforderungen an Design und Entwicklung, um die Zug\u00e4nglichkeit f\u00fcr Menschen mit Behinderungen zu verbessern. Es gibt drei Konformit\u00e4tsstufen: Level A, Level AA und Level AAA.\u00a0<span class=\"basic-information website-name\" data-print=\"accstmt_namesite\" data-printdefault=\"WEBSITE_NAME\">Learningdesignerin.com<\/span>\u00a0ist\u00a0<span class=\"basic-information conformance-status\" data-print=\"accstmnt_conformance\" data-printfilter=\"lowercase\">partially conformant<\/span>\u00a0die\u00a0<span class=\"basic-information conformance-standard\"><span data-print=\"accstmnt_standard\" data-if=\"accstmnt_standard_other_name\" data-negate=\"\">WCAG 2.1 level AA<\/span>.<\/span>\u00a0<span data-if=\"accstmnt_conformance_meaning\"><span class=\"basic-information conformance-status\" data-print=\"accstmnt_conformance\">teilweise konform<\/span>\u00a0bedeutet, dass\u00a0<span class=\"basic-information conformance-meaning\" data-print=\"accstmnt_conformance_meaning\" data-printdefault=\"CONFORMANCE_MEANING\">einige Inhalte den Standard noch nicht vollst\u00e4ndig erf\u00fcllen.<\/span>.<\/span><\/p>\t\t\t\t\t\t\t\t<\/div>\n\t\t\t\t<\/div>\n\t\t\t\t<div class=\"elementor-element elementor-element-a52090d elementor-widget elementor-widget-heading\" data-id=\"a52090d\" data-element_type=\"widget\" data-e-type=\"widget\" data-widget_type=\"heading.default\">\n\t\t\t\t<div class=\"elementor-widget-container\">\n\t\t\t\t\t<h2 class=\"elementor-heading-title elementor-size-default\">Aktuelle Bem\u00fchungen<\/h2>\t\t\t\t<\/div>\n\t\t\t\t<\/div>\n\t\t\t\t<div class=\"elementor-element elementor-element-c34af47 elementor-widget elementor-widget-text-editor\" data-id=\"c34af47\" data-element_type=\"widget\" data-e-type=\"widget\" data-widget_type=\"text-editor.default\">\n\t\t\t\t<div class=\"elementor-widget-container\">\n\t\t\t\t\t\t\t\t\t<p>Ich pr\u00fcfe die Barrierefreiheit meiner Seite regelm\u00e4\u00dfig mit verschiedenen Analyse-Tools. Auch wenn ich mich um eine bestm\u00f6gliche Zug\u00e4nglichkeit bem\u00fche, wei\u00df ich, dass noch nicht alle Bereiche perfekt sind. Ich bilde mich in diesem Bereich kontinuierlich weiter, um die Nutzungserfahrung meiner Angebote f\u00fcr alle stetig zu verbessern.\u00a0<a style=\"overflow-wrap: break-word; word-wrap: break-word; word-break: break-all; display: inline-block; max-width: 100%;\" href=\"https:\/\/www.linkedin.com\/in\/teresamorenoaponte\/\"><br \/><\/a><\/p><p>Teresa Moreno<\/p>\t\t\t\t\t\t\t\t<\/div>\n\t\t\t\t<\/div>\n\t\t\t\t\t<\/div>\n\t\t\t\t<\/div>\n\t\t\t\t<\/div>\n\t\t\t\t\t<\/div>\n\t\t\t\t<\/div>\n\t\t\t\t<\/div>","protected":false},"excerpt":{"rendered":"<p>I&#8217;m committed to ensuring that my website is accessible to all users, including those with disabilities.\u00a0 I happily welcome feedback on how I can improve accessibility on this website. If you encounter any barriers or have suggestions for improvements, please email me at teresa@learningdesignerin.com. Your feedback helps me a lot! Thank you for your understanding [&hellip;]<\/p>\n","protected":false},"author":1,"featured_media":0,"parent":0,"menu_order":0,"comment_status":"closed","ping_status":"closed","template":"","meta":{"footnotes":""},"class_list":["post-34624","page","type-page","status-publish","hentry"],"_links":{"self":[{"href":"https:\/\/learningdesignerin.com\/de\/wp-json\/wp\/v2\/pages\/34624","targetHints":{"allow":["GET"]}}],"collection":[{"href":"https:\/\/learningdesignerin.com\/de\/wp-json\/wp\/v2\/pages"}],"about":[{"href":"https:\/\/learningdesignerin.com\/de\/wp-json\/wp\/v2\/types\/page"}],"author":[{"embeddable":true,"href":"https:\/\/learningdesignerin.com\/de\/wp-json\/wp\/v2\/users\/1"}],"replies":[{"embeddable":true,"href":"https:\/\/learningdesignerin.com\/de\/wp-json\/wp\/v2\/comments?post=34624"}],"version-history":[{"count":6,"href":"https:\/\/learningdesignerin.com\/de\/wp-json\/wp\/v2\/pages\/34624\/revisions"}],"predecessor-version":[{"id":35220,"href":"https:\/\/learningdesignerin.com\/de\/wp-json\/wp\/v2\/pages\/34624\/revisions\/35220"}],"wp:attachment":[{"href":"https:\/\/learningdesignerin.com\/de\/wp-json\/wp\/v2\/media?parent=34624"}],"curies":[{"name":"wp","href":"https:\/\/api.w.org\/{rel}","templated":true}]}}