{"id":34316,"date":"2025-01-23T21:17:12","date_gmt":"2025-01-23T20:17:12","guid":{"rendered":"https:\/\/learningdesignerin.com\/?page_id=34316"},"modified":"2025-11-11T21:19:41","modified_gmt":"2025-11-11T20:19:41","slug":"consulting-capsule","status":"publish","type":"page","link":"https:\/\/learningdesignerin.com\/de\/consulting-capsule\/","title":{"rendered":"Consulting Capsule"},"content":{"rendered":"<div data-elementor-type=\"wp-page\" data-elementor-id=\"34316\" class=\"elementor elementor-34316\" data-elementor-post-type=\"page\">\n\t\t\t\t<div class=\"elementor-element elementor-element-315c759a e-flex e-con-boxed e-con e-parent\" data-id=\"315c759a\" data-element_type=\"container\" data-e-type=\"container\">\n\t\t\t\t\t<div class=\"e-con-inner\">\n\t\t\t\t<div class=\"elementor-element elementor-element-35cfc615 elementor-widget elementor-widget-theme-post-title elementor-page-title elementor-widget-heading\" data-id=\"35cfc615\" data-element_type=\"widget\" data-e-type=\"widget\" data-widget_type=\"theme-post-title.default\">\n\t\t\t\t<div class=\"elementor-widget-container\">\n\t\t\t\t\t<h1 class=\"elementor-heading-title elementor-size-default\">Consulting Capsule<\/h1>\t\t\t\t<\/div>\n\t\t\t\t<\/div>\n\t\t<div class=\"elementor-element elementor-element-52f7aa84 e-con-full e-flex e-con e-child\" data-id=\"52f7aa84\" data-element_type=\"container\" data-e-type=\"container\" data-settings=\"{&quot;background_background&quot;:&quot;classic&quot;}\">\n\t\t<div class=\"elementor-element elementor-element-bdd5ca9 e-con-full e-flex e-con e-child\" data-id=\"bdd5ca9\" data-element_type=\"container\" data-e-type=\"container\">\n\t\t\t\t<div class=\"elementor-element elementor-element-f62d9b2 elementor-widget elementor-widget-text-editor\" data-id=\"f62d9b2\" data-element_type=\"widget\" data-e-type=\"widget\" data-widget_type=\"text-editor.default\">\n\t\t\t\t<div class=\"elementor-widget-container\">\n\t\t\t\t\t\t\t\t\t<p>Einblick in <em>SquidFins<\/em> Consulting Capsule \u2014 und in meinen datengest\u00fctzten Learning Design Prozess<br \/><!-- notionvc: 622fcd31-b757-416e-9d2d-986c484a9c0a --><\/p>\t\t\t\t\t\t\t\t<\/div>\n\t\t\t\t<\/div>\n\t\t\t\t<\/div>\n\t\t\t\t<div class=\"elementor-element elementor-element-641fb011 elementor-widget elementor-widget-image\" data-id=\"641fb011\" data-element_type=\"widget\" data-e-type=\"widget\" data-widget_type=\"image.default\">\n\t\t\t\t<div class=\"elementor-widget-container\">\n\t\t\t\t\t\t\t\t\t\t\t\t<figure class=\"wp-caption\">\n\t\t\t\t\t\t\t\t\t\t<img fetchpriority=\"high\" decoding=\"async\" width=\"1360\" height=\"1077\" src=\"https:\/\/learningdesignerin.com\/wp-content\/uploads\/2025\/01\/Consulting-Capsule-Claim-e1737754194444.png\" class=\"attachment-full size-full wp-image-34325\" alt=\"Claim: connect the dots, people, your people. Inspire actions, others, yourself. Change behaviors, the world. your world.\" srcset=\"https:\/\/learningdesignerin.com\/wp-content\/uploads\/2025\/01\/Consulting-Capsule-Claim-e1737754194444.png 1360w, https:\/\/learningdesignerin.com\/wp-content\/uploads\/2025\/01\/Consulting-Capsule-Claim-e1737754194444-300x238.png 300w, https:\/\/learningdesignerin.com\/wp-content\/uploads\/2025\/01\/Consulting-Capsule-Claim-e1737754194444-1024x811.png 1024w, https:\/\/learningdesignerin.com\/wp-content\/uploads\/2025\/01\/Consulting-Capsule-Claim-e1737754194444-768x608.png 768w\" sizes=\"(max-width: 1360px) 100vw, 1360px\" \/>\t\t\t\t\t\t\t\t\t\t\t<figcaption class=\"widget-image-caption wp-caption-text\"><\/figcaption>\n\t\t\t\t\t\t\t\t\t\t<\/figure>\n\t\t\t\t\t\t\t\t\t<\/div>\n\t\t\t\t<\/div>\n\t\t<div class=\"elementor-element elementor-element-0c31589 e-con-full e-flex e-con e-child\" data-id=\"0c31589\" data-element_type=\"container\" data-e-type=\"container\" data-settings=\"{&quot;background_background&quot;:&quot;classic&quot;}\">\n\t\t\t\t<div class=\"elementor-element elementor-element-96f073c elementor-widget elementor-widget-heading\" data-id=\"96f073c\" data-element_type=\"widget\" data-e-type=\"widget\" data-widget_type=\"heading.default\">\n\t\t\t\t<div class=\"elementor-widget-container\">\n\t\t\t\t\t<span class=\"elementor-heading-title elementor-size-default\">Projektdetails<\/span>\t\t\t\t<\/div>\n\t\t\t\t<\/div>\n\t\t\t\t<div class=\"elementor-element elementor-element-6cb0fc3 elementor-icon-list--layout-traditional elementor-list-item-link-full_width elementor-widget elementor-widget-icon-list\" data-id=\"6cb0fc3\" data-element_type=\"widget\" data-e-type=\"widget\" data-widget_type=\"icon-list.default\">\n\t\t\t\t<div class=\"elementor-widget-container\">\n\t\t\t\t\t\t\t<ul class=\"elementor-icon-list-items\">\n\t\t\t\t\t\t\t<li class=\"elementor-icon-list-item\">\n\t\t\t\t\t\t\t\t\t\t\t<span class=\"elementor-icon-list-icon\">\n\t\t\t\t\t\t\t<svg xmlns=\"http:\/\/www.w3.org\/2000\/svg\" viewbox=\"0 0 58.4 33.8\"><g><g id=\"Layer_1\"><g><path d=\"M46.4,9.9l-1.9,1.9,8.7,8.7h-21.9c0-5.8-.8-11.7-5.6-15.7C21.7,1.4,15.7-.5,10.5.1,6.8.5,3.8,2.1,1.8,4.8.2,6.9-.3,9.3.2,11.8c.7,3.3,3.3,6.6,6.9,8.7,4.4,2.5,9.3,2.5,13.9,2.5h7.6s0,.3,0,.3c0,.8,0,1.7,0,2.5v.5h2.7v-.5c0-.8,0-1.7,0-2.5v-.3h22.1l-8.8,8.8,1.9,1.9,12-12-12-11.9ZM21,20.4c-4.3,0-8.8,0-12.6-2.1-3-1.8-5.1-4.4-5.7-6.9-.4-1.8,0-3.4,1.1-5,1.7-2.3,4.8-3.7,7.8-3.7s.2,0,.3,0h0c4.3,0,8.8,1.6,11.8,4.1,4.2,3.5,4.7,8.9,4.7,13.7h-7.6Z\"><\/path><rect x=\"28.6\" y=\"27.6\" width=\"2.7\" height=\"6.1\"><\/rect><\/g><\/g><\/g><\/svg>\t\t\t\t\t\t<\/span>\n\t\t\t\t\t\t\t\t\t\t<span class=\"elementor-icon-list-text\">Prozess: Datenerhebung, Bedarfsanalyse, L\u00f6sungskonzeption, Pitch-Pr\u00e4sentation <\/span>\n\t\t\t\t\t\t\t\t\t<\/li>\n\t\t\t\t\t\t\t\t<li class=\"elementor-icon-list-item\">\n\t\t\t\t\t\t\t\t\t\t\t<span class=\"elementor-icon-list-icon\">\n\t\t\t\t\t\t\t<svg xmlns=\"http:\/\/www.w3.org\/2000\/svg\" viewbox=\"0 0 58.4 33.8\"><g><g id=\"Layer_1\"><g><path d=\"M46.4,9.9l-1.9,1.9,8.7,8.7h-21.9c0-5.8-.8-11.7-5.6-15.7C21.7,1.4,15.7-.5,10.5.1,6.8.5,3.8,2.1,1.8,4.8.2,6.9-.3,9.3.2,11.8c.7,3.3,3.3,6.6,6.9,8.7,4.4,2.5,9.3,2.5,13.9,2.5h7.6s0,.3,0,.3c0,.8,0,1.7,0,2.5v.5h2.7v-.5c0-.8,0-1.7,0-2.5v-.3h22.1l-8.8,8.8,1.9,1.9,12-12-12-11.9ZM21,20.4c-4.3,0-8.8,0-12.6-2.1-3-1.8-5.1-4.4-5.7-6.9-.4-1.8,0-3.4,1.1-5,1.7-2.3,4.8-3.7,7.8-3.7s.2,0,.3,0h0c4.3,0,8.8,1.6,11.8,4.1,4.2,3.5,4.7,8.9,4.7,13.7h-7.6Z\"><\/path><rect x=\"28.6\" y=\"27.6\" width=\"2.7\" height=\"6.1\"><\/rect><\/g><\/g><\/g><\/svg>\t\t\t\t\t\t<\/span>\n\t\t\t\t\t\t\t\t\t\t<span class=\"elementor-icon-list-text\">Tools: 4-Part Framework, Interviews, SMART-Goals, Action Mapping, Brainstorming<\/span>\n\t\t\t\t\t\t\t\t\t<\/li>\n\t\t\t\t\t\t\t\t<li class=\"elementor-icon-list-item\">\n\t\t\t\t\t\t\t\t\t\t\t<span class=\"elementor-icon-list-icon\">\n\t\t\t\t\t\t\t<svg xmlns=\"http:\/\/www.w3.org\/2000\/svg\" viewbox=\"0 0 58.4 33.8\"><g><g id=\"Layer_1\"><g><path d=\"M46.4,9.9l-1.9,1.9,8.7,8.7h-21.9c0-5.8-.8-11.7-5.6-15.7C21.7,1.4,15.7-.5,10.5.1,6.8.5,3.8,2.1,1.8,4.8.2,6.9-.3,9.3.2,11.8c.7,3.3,3.3,6.6,6.9,8.7,4.4,2.5,9.3,2.5,13.9,2.5h7.6s0,.3,0,.3c0,.8,0,1.7,0,2.5v.5h2.7v-.5c0-.8,0-1.7,0-2.5v-.3h22.1l-8.8,8.8,1.9,1.9,12-12-12-11.9ZM21,20.4c-4.3,0-8.8,0-12.6-2.1-3-1.8-5.1-4.4-5.7-6.9-.4-1.8,0-3.4,1.1-5,1.7-2.3,4.8-3.7,7.8-3.7s.2,0,.3,0h0c4.3,0,8.8,1.6,11.8,4.1,4.2,3.5,4.7,8.9,4.7,13.7h-7.6Z\"><\/path><rect x=\"28.6\" y=\"27.6\" width=\"2.7\" height=\"6.1\"><\/rect><\/g><\/g><\/g><\/svg>\t\t\t\t\t\t<\/span>\n\t\t\t\t\t\t\t\t\t\t<span class=\"elementor-icon-list-text\">Jahr: 2022<\/span>\n\t\t\t\t\t\t\t\t\t<\/li>\n\t\t\t\t\t\t<\/ul>\n\t\t\t\t\t\t<\/div>\n\t\t\t\t<\/div>\n\t\t\t\t<\/div>\n\t\t<div class=\"elementor-element elementor-element-7a83624a e-con-full e-flex e-con e-child\" data-id=\"7a83624a\" data-element_type=\"container\" data-e-type=\"container\">\n\t\t\t\t<div class=\"elementor-element elementor-element-7187c7f7 elementor-widget elementor-widget-heading\" data-id=\"7187c7f7\" data-element_type=\"widget\" data-e-type=\"widget\" data-widget_type=\"heading.default\">\n\t\t\t\t<div class=\"elementor-widget-container\">\n\t\t\t\t\t<h2 class=\"elementor-heading-title elementor-size-default\">Kontext<\/h2>\t\t\t\t<\/div>\n\t\t\t\t<\/div>\n\t\t\t\t<\/div>\n\t\t\t\t<div class=\"elementor-element elementor-element-ef2698a elementor-widget elementor-widget-text-editor\" data-id=\"ef2698a\" data-element_type=\"widget\" data-e-type=\"widget\" data-widget_type=\"text-editor.default\">\n\t\t\t\t<div class=\"elementor-widget-container\">\n\t\t\t\t\t\t\t\t\t<p>Wie viele FinTech-Unternehmen w\u00e4chst SquidFin* schnell \u2014 und st\u00f6\u00dft dabei bald auf typische Management-Herausforderungen. F\u00fchrungskr\u00e4fte m\u00fcssen ihre Leadership-Skills sch\u00e4rfen, eine koh\u00e4rente Unternehmenskultur aufbauen und standardisierte Prozesse f\u00fcr Zielsetzung und Performance-Reviews einf\u00fchren.<\/p>\t\t\t\t\t\t\t\t<\/div>\n\t\t\t\t<\/div>\n\t\t<div class=\"elementor-element elementor-element-fe9ecac e-con-full e-flex e-con e-child\" data-id=\"fe9ecac\" data-element_type=\"container\" data-e-type=\"container\">\n\t\t\t\t<div class=\"elementor-element elementor-element-ec06298 elementor-widget elementor-widget-heading\" data-id=\"ec06298\" data-element_type=\"widget\" data-e-type=\"widget\" data-widget_type=\"heading.default\">\n\t\t\t\t<div class=\"elementor-widget-container\">\n\t\t\t\t\t<h2 class=\"elementor-heading-title elementor-size-default\">L\u00f6sung<\/h2>\t\t\t\t<\/div>\n\t\t\t\t<\/div>\n\t\t\t\t<\/div>\n\t\t\t\t<div class=\"elementor-element elementor-element-c7b4223 elementor-widget elementor-widget-text-editor\" data-id=\"c7b4223\" data-element_type=\"widget\" data-e-type=\"widget\" data-widget_type=\"text-editor.default\">\n\t\t\t\t<div class=\"elementor-widget-container\">\n\t\t\t\t\t\t\t\t\t<p>Blended Learning ist mehr als eLearning plus Pr\u00e4senztraining. Ich verbinde Marketing-Strategien, Storytelling, kuratierte Ressourcen, Workshops und Community-Building zu einer umfassenden, wirkungsvollen Learning Journey. Durch narrative Elemente in jeder Komponente entwickeln F\u00fchrungskr\u00e4fte die F\u00e4higkeiten, Kultur und Strukturen, die sie in einem schnell wachsenden FinTech-Umfeld brauchen.<\/p>\t\t\t\t\t\t\t\t<\/div>\n\t\t\t\t<\/div>\n\t\t\t\t<div class=\"elementor-element elementor-element-aa308f3 elementor-widget elementor-widget-gallery\" data-id=\"aa308f3\" data-element_type=\"widget\" data-e-type=\"widget\" data-settings=\"{&quot;gallery_layout&quot;:&quot;masonry&quot;,&quot;columns&quot;:2,&quot;lazyload&quot;:&quot;yes&quot;,&quot;columns_tablet&quot;:2,&quot;columns_mobile&quot;:1,&quot;gap&quot;:{&quot;unit&quot;:&quot;px&quot;,&quot;size&quot;:10,&quot;sizes&quot;:[]},&quot;gap_laptop&quot;:{&quot;unit&quot;:&quot;px&quot;,&quot;size&quot;:10,&quot;sizes&quot;:[]},&quot;gap_tablet_extra&quot;:{&quot;unit&quot;:&quot;px&quot;,&quot;size&quot;:10,&quot;sizes&quot;:[]},&quot;gap_tablet&quot;:{&quot;unit&quot;:&quot;px&quot;,&quot;size&quot;:10,&quot;sizes&quot;:[]},&quot;gap_mobile&quot;:{&quot;unit&quot;:&quot;px&quot;,&quot;size&quot;:10,&quot;sizes&quot;:[]},&quot;overlay_background&quot;:&quot;yes&quot;,&quot;content_hover_animation&quot;:&quot;fade-in&quot;}\" data-widget_type=\"gallery.default\">\n\t\t\t\t<div class=\"elementor-widget-container\">\n\t\t\t\t\t\t\t<div class=\"elementor-gallery__container\">\n\t\t\t\t\t\t\t<div class=\"e-gallery-item elementor-gallery-item elementor-animated-content\">\n\t\t\t\t\t<div class=\"e-gallery-image elementor-gallery-item__image\" data-thumbnail=\"https:\/\/learningdesignerin.com\/wp-content\/uploads\/2025\/01\/Consulting-Capsule-Success-Statement.png\" data-width=\"1392\" data-height=\"1812\" aria-label=\"\" role=\"img\" ><\/div>\n\t\t\t\t\t\t\t\t\t\t\t<div class=\"elementor-gallery-item__overlay\"><\/div>\n\t\t\t\t\t\t\t\t\t\t\t\t\t\t<\/div>\n\t\t\t\t\t\t\t<div class=\"e-gallery-item elementor-gallery-item elementor-animated-content\">\n\t\t\t\t\t<div class=\"e-gallery-image elementor-gallery-item__image\" data-thumbnail=\"https:\/\/learningdesignerin.com\/wp-content\/uploads\/2025\/01\/Consulting-Capsule-Persona-1-e1738316504769.png\" data-width=\"1390\" data-height=\"1792\" aria-label=\"Latisha Williams, Senior Marketing Manager. Latisha is a passionate digital marketer and loves being up-to-date. She is always looking for trends and ways to bring SquidFin forward. Latisha tends to focus too much on details and has difficulty letting it go when something doesn\u2019t quite fit her own expectations. She cares about people and wants to support her team member in their development.\" role=\"img\" ><\/div>\n\t\t\t\t\t\t\t\t\t\t\t<div class=\"elementor-gallery-item__overlay\"><\/div>\n\t\t\t\t\t\t\t\t\t\t\t\t\t\t<\/div>\n\t\t\t\t\t\t\t<div class=\"e-gallery-item elementor-gallery-item elementor-animated-content\">\n\t\t\t\t\t<div class=\"e-gallery-image elementor-gallery-item__image\" data-thumbnail=\"https:\/\/learningdesignerin.com\/wp-content\/uploads\/2025\/01\/Consulting-Capsule-Goals-1-e1737664125906.png\" data-width=\"1372\" data-height=\"1768\" aria-label=\"Organizational goals, training goals, learner goals, learner population, pedagogical strategies, medium.\" role=\"img\" ><\/div>\n\t\t\t\t\t\t\t\t\t\t\t<div class=\"elementor-gallery-item__overlay\"><\/div>\n\t\t\t\t\t\t\t\t\t\t\t\t\t\t<\/div>\n\t\t\t\t\t\t\t<div class=\"e-gallery-item elementor-gallery-item elementor-animated-content\">\n\t\t\t\t\t<div class=\"e-gallery-image elementor-gallery-item__image\" data-thumbnail=\"https:\/\/learningdesignerin.com\/wp-content\/uploads\/2025\/01\/Consulting-Capsule-Stories-e1737754650424.png\" data-width=\"1372\" data-height=\"1750\" aria-label=\"Happy coworkers laughing in an office meeting.\" role=\"img\" ><\/div>\n\t\t\t\t\t\t\t\t\t\t\t<div class=\"elementor-gallery-item__overlay\"><\/div>\n\t\t\t\t\t\t\t\t\t\t\t\t\t\t<\/div>\n\t\t\t\t\t<\/div>\n\t\t\t\t\t<\/div>\n\t\t\t\t<\/div>\n\t\t<div class=\"elementor-element elementor-element-8d0367f e-con-full e-flex e-con e-child\" data-id=\"8d0367f\" data-element_type=\"container\" data-e-type=\"container\">\n\t\t\t\t<div class=\"elementor-element elementor-element-d7b6be4 elementor-widget elementor-widget-heading\" data-id=\"d7b6be4\" data-element_type=\"widget\" data-e-type=\"widget\" data-widget_type=\"heading.default\">\n\t\t\t\t<div class=\"elementor-widget-container\">\n\t\t\t\t\t<h2 class=\"elementor-heading-title elementor-size-default\">Erwartete Ergebnisse<\/h2>\t\t\t\t<\/div>\n\t\t\t\t<\/div>\n\t\t\t\t<div class=\"elementor-element elementor-element-ad8d800 elementor-widget elementor-widget-text-editor\" data-id=\"ad8d800\" data-element_type=\"widget\" data-e-type=\"widget\" data-widget_type=\"text-editor.default\">\n\t\t\t\t<div class=\"elementor-widget-container\">\n\t\t\t\t\t\t\t\t\t<ul>\n \t<li><strong><p style=\"font-family:poppins\">Einf\u00fchrung standardisierter Zielsetzungs- und Performance-Prozesse<\/strong>: F\u00fchrungskr\u00e4fte \u00fcbernehmen das etablierte Framework vollst\u00e4ndig \u2014 f\u00fcr mehr Konsistenz und Klarheit im gesamten Unternehmen.<\/li>\n \t<li><strong><p style=\"font-family:poppins\">St\u00e4rkere Ausrichtung und Zusammenarbeit<\/strong>: Teams arbeiten koh\u00e4rent auf gemeinsame Ziele hin, mit besserer Kommunikation und st\u00e4rkeren Beziehungen.<\/li>\n \t<li><strong><p style=\"font-family:poppins\">Wirksamere F\u00fchrungspraxis<\/strong>: F\u00fchrungskr\u00e4fte entwickeln konkrete Strategien und Kompetenzen, damit sowohl Einzelpersonen als auch die Organisation wachsen k\u00f6nnen.<\/li>\n<\/ul>\t\t\t\t\t\t\t\t<\/div>\n\t\t\t\t<\/div>\n\t\t\t\t<\/div>\n\t\t<div class=\"elementor-element elementor-element-4a874b0 e-con-full e-flex e-con e-child\" data-id=\"4a874b0\" data-element_type=\"container\" data-e-type=\"container\">\n\t\t\t\t<div class=\"elementor-element elementor-element-f7380f3 elementor-widget elementor-widget-heading\" data-id=\"f7380f3\" data-element_type=\"widget\" data-e-type=\"widget\" data-widget_type=\"heading.default\">\n\t\t\t\t<div class=\"elementor-widget-container\">\n\t\t\t\t\t<h2 class=\"elementor-heading-title elementor-size-default\">Takeaways<\/h2>\t\t\t\t<\/div>\n\t\t\t\t<\/div>\n\t\t\t\t<div class=\"elementor-element elementor-element-bebafb0 elementor-widget elementor-widget-text-editor\" data-id=\"bebafb0\" data-element_type=\"widget\" data-e-type=\"widget\" data-widget_type=\"text-editor.default\">\n\t\t\t\t<div class=\"elementor-widget-container\">\n\t\t\t\t\t\t\t\t\t<p>Dieses Projekt hat best\u00e4tigt, wie wichtig Datenanalyse und echte Empathie f\u00fcr die Zielgruppe sind, um wirkungsvolle L\u00f6sungen zu entwickeln. Es hat auch gezeigt, wie Storytelling eine Learning Journey aufwerten kann \u2014 indem es sie ansprechender und einpr\u00e4gsamer macht.<\/p>\t\t\t\t\t\t\t\t<\/div>\n\t\t\t\t<\/div>\n\t\t\t\t<div class=\"elementor-element elementor-element-4c8c9d8 elementor-widget elementor-widget-text-editor\" data-id=\"4c8c9d8\" data-element_type=\"widget\" data-e-type=\"widget\" data-widget_type=\"text-editor.default\">\n\t\t\t\t<div class=\"elementor-widget-container\">\n\t\t\t\t\t\t\t\t\t<p><small><strong>*Disclaimer:<\/strong> *SquidFin ist ein fiktiver Kunde, erstellt von Nicole Papaioannou Lugara (upskillexperience.com) zu Illustrationszwecken.<\/small><\/p>\t\t\t\t\t\t\t\t<\/div>\n\t\t\t\t<\/div>\n\t\t\t\t<\/div>\n\t\t\t\t<div class=\"elementor-element elementor-element-c0fc120 elementor-align-center btn-link2 elementor-widget elementor-widget-button\" data-id=\"c0fc120\" data-element_type=\"widget\" data-e-type=\"widget\" data-widget_type=\"button.default\">\n\t\t\t\t<div class=\"elementor-widget-container\">\n\t\t\t\t\t\t\t\t\t<div class=\"elementor-button-wrapper\">\n\t\t\t\t\t<a class=\"elementor-button elementor-button-link elementor-size-sm elementor-animation-grow\" href=\"http:\/\/learningdesignerin.com\/wp-content\/uploads\/2025\/01\/Consulting_Capsule_SquidFin.pdf\" target=\"_blank\">\n\t\t\t\t\t\t<span class=\"elementor-button-content-wrapper\">\n\t\t\t\t\t\t<span class=\"elementor-button-icon\">\n\t\t\t\t<svg xmlns=\"http:\/\/www.w3.org\/2000\/svg\" viewbox=\"0 0 58.4 33.8\"><g><g id=\"Layer_1\"><g><path d=\"M46.4,9.9l-1.9,1.9,8.7,8.7h-21.9c0-5.8-.8-11.7-5.6-15.7C21.7,1.4,15.7-.5,10.5.1,6.8.5,3.8,2.1,1.8,4.8.2,6.9-.3,9.3.2,11.8c.7,3.3,3.3,6.6,6.9,8.7,4.4,2.5,9.3,2.5,13.9,2.5h7.6s0,.3,0,.3c0,.8,0,1.7,0,2.5v.5h2.7v-.5c0-.8,0-1.7,0-2.5v-.3h22.1l-8.8,8.8,1.9,1.9,12-12-12-11.9ZM21,20.4c-4.3,0-8.8,0-12.6-2.1-3-1.8-5.1-4.4-5.7-6.9-.4-1.8,0-3.4,1.1-5,1.7-2.3,4.8-3.7,7.8-3.7s.2,0,.3,0h0c4.3,0,8.8,1.6,11.8,4.1,4.2,3.5,4.7,8.9,4.7,13.7h-7.6Z\"><\/path><rect x=\"28.6\" y=\"27.6\" width=\"2.7\" height=\"6.1\"><\/rect><\/g><\/g><\/g><\/svg>\t\t\t<\/span>\n\t\t\t\t\t\t\t\t\t<span class=\"elementor-button-text\">Schaue dir die Consulting Capsule an<\/span>\n\t\t\t\t\t<\/span>\n\t\t\t\t\t<\/a>\n\t\t\t\t<\/div>\n\t\t\t\t\t\t\t\t<\/div>\n\t\t\t\t<\/div>\n\t\t\t\t<\/div>\n\t\t\t\t\t<\/div>\n\t\t\t\t<\/div>\n\t\t\t\t<\/div>","protected":false},"excerpt":{"rendered":"<p>Dive into the SquidFin&#8217;s Consulting Capsule to discover more about my data-informed learning design process Project details Process: data gathering, need analysis, solution mapping, pitch proposal Tools: 4-Part framework, interviews, SMART-goals, action mapping, brainstorming Year: 2022 Context Like SquidFin*, many FinTech companies experience rapid growth and soon encounter management challenges. Managers need to hone their [&hellip;]<\/p>\n","protected":false},"author":1,"featured_media":0,"parent":0,"menu_order":0,"comment_status":"closed","ping_status":"closed","template":"","meta":{"footnotes":""},"class_list":["post-34316","page","type-page","status-publish","hentry"],"_links":{"self":[{"href":"https:\/\/learningdesignerin.com\/de\/wp-json\/wp\/v2\/pages\/34316","targetHints":{"allow":["GET"]}}],"collection":[{"href":"https:\/\/learningdesignerin.com\/de\/wp-json\/wp\/v2\/pages"}],"about":[{"href":"https:\/\/learningdesignerin.com\/de\/wp-json\/wp\/v2\/types\/page"}],"author":[{"embeddable":true,"href":"https:\/\/learningdesignerin.com\/de\/wp-json\/wp\/v2\/users\/1"}],"replies":[{"embeddable":true,"href":"https:\/\/learningdesignerin.com\/de\/wp-json\/wp\/v2\/comments?post=34316"}],"version-history":[{"count":31,"href":"https:\/\/learningdesignerin.com\/de\/wp-json\/wp\/v2\/pages\/34316\/revisions"}],"predecessor-version":[{"id":35223,"href":"https:\/\/learningdesignerin.com\/de\/wp-json\/wp\/v2\/pages\/34316\/revisions\/35223"}],"wp:attachment":[{"href":"https:\/\/learningdesignerin.com\/de\/wp-json\/wp\/v2\/media?parent=34316"}],"curies":[{"name":"wp","href":"https:\/\/api.w.org\/{rel}","templated":true}]}}