{"id":33978,"date":"2024-11-12T11:07:37","date_gmt":"2024-11-12T10:07:37","guid":{"rendered":"https:\/\/learningdesignerin.com\/?page_id=33978"},"modified":"2026-02-27T17:30:55","modified_gmt":"2026-02-27T16:30:55","slug":"pixel-perfect","status":"publish","type":"page","link":"https:\/\/learningdesignerin.com\/de\/pixel-perfect\/","title":{"rendered":"Pixel Perfect"},"content":{"rendered":"<div data-elementor-type=\"wp-page\" data-elementor-id=\"33978\" class=\"elementor elementor-33978\" data-elementor-post-type=\"page\">\n\t\t\t\t<div class=\"elementor-element elementor-element-315c759a e-flex e-con-boxed e-con e-parent\" data-id=\"315c759a\" data-element_type=\"container\" data-e-type=\"container\">\n\t\t\t\t\t<div class=\"e-con-inner\">\n\t\t\t\t<div class=\"elementor-element elementor-element-35cfc615 elementor-widget elementor-widget-theme-post-title elementor-page-title elementor-widget-heading\" data-id=\"35cfc615\" data-element_type=\"widget\" data-e-type=\"widget\" data-widget_type=\"theme-post-title.default\">\n\t\t\t\t<div class=\"elementor-widget-container\">\n\t\t\t\t\t<h1 class=\"elementor-heading-title elementor-size-default\">Pixel Perfect<\/h1>\t\t\t\t<\/div>\n\t\t\t\t<\/div>\n\t\t<div class=\"elementor-element elementor-element-52f7aa84 e-con-full e-flex e-con e-child\" data-id=\"52f7aa84\" data-element_type=\"container\" data-e-type=\"container\" data-settings=\"{&quot;background_background&quot;:&quot;classic&quot;}\">\n\t\t<div class=\"elementor-element elementor-element-bdd5ca9 e-con-full e-flex e-con e-child\" data-id=\"bdd5ca9\" data-element_type=\"container\" data-e-type=\"container\">\n\t\t\t\t<div class=\"elementor-element elementor-element-f62d9b2 elementor-widget elementor-widget-text-editor\" data-id=\"f62d9b2\" data-element_type=\"widget\" data-e-type=\"widget\" data-widget_type=\"text-editor.default\">\n\t\t\t\t<div class=\"elementor-widget-container\">\n\t\t\t\t\t\t\t\t\tPixel Perfect ist eine interaktive Audio-Story \u00fcber Kreative, die hohe Anspr\u00fcche mit den Anforderungen der Realit\u00e4t in Einklang bringen. \t\t\t\t\t\t\t\t<\/div>\n\t\t\t\t<\/div>\n\t\t\t\t<\/div>\n\t\t\t\t<div class=\"elementor-element elementor-element-641fb011 elementor-widget elementor-widget-image\" data-id=\"641fb011\" data-element_type=\"widget\" data-e-type=\"widget\" data-widget_type=\"image.default\">\n\t\t\t\t<div class=\"elementor-widget-container\">\n\t\t\t\t\t\t\t\t\t\t\t\t<figure class=\"wp-caption\">\n\t\t\t\t\t\t\t\t\t\t<img fetchpriority=\"high\" decoding=\"async\" width=\"2185\" height=\"1550\" src=\"https:\/\/learningdesignerin.com\/wp-content\/uploads\/2024\/09\/sample-pixel.png\" class=\"attachment-full size-full wp-image-33194\" alt=\"Cover of Pixel Perfect with four illustrated characters in a minimalist design on a dark background.\" srcset=\"https:\/\/learningdesignerin.com\/wp-content\/uploads\/2024\/09\/sample-pixel.png 2185w, https:\/\/learningdesignerin.com\/wp-content\/uploads\/2024\/09\/sample-pixel-300x213.png 300w, https:\/\/learningdesignerin.com\/wp-content\/uploads\/2024\/09\/sample-pixel-1024x726.png 1024w, https:\/\/learningdesignerin.com\/wp-content\/uploads\/2024\/09\/sample-pixel-768x545.png 768w, https:\/\/learningdesignerin.com\/wp-content\/uploads\/2024\/09\/sample-pixel-1536x1090.png 1536w, https:\/\/learningdesignerin.com\/wp-content\/uploads\/2024\/09\/sample-pixel-2048x1453.png 2048w\" sizes=\"(max-width: 2185px) 100vw, 2185px\" \/>\t\t\t\t\t\t\t\t\t\t\t<figcaption class=\"widget-image-caption wp-caption-text\"><\/figcaption>\n\t\t\t\t\t\t\t\t\t\t<\/figure>\n\t\t\t\t\t\t\t\t\t<\/div>\n\t\t\t\t<\/div>\n\t\t<div class=\"elementor-element elementor-element-0c31589 e-con-full e-flex e-con e-child\" data-id=\"0c31589\" data-element_type=\"container\" data-e-type=\"container\" data-settings=\"{&quot;background_background&quot;:&quot;classic&quot;}\">\n\t\t\t\t<div class=\"elementor-element elementor-element-96f073c elementor-widget elementor-widget-heading\" data-id=\"96f073c\" data-element_type=\"widget\" data-e-type=\"widget\" data-widget_type=\"heading.default\">\n\t\t\t\t<div class=\"elementor-widget-container\">\n\t\t\t\t\t<span class=\"elementor-heading-title elementor-size-default\">Projektdetails<\/span>\t\t\t\t<\/div>\n\t\t\t\t<\/div>\n\t\t\t\t<div class=\"elementor-element elementor-element-6cb0fc3 elementor-icon-list--layout-traditional elementor-list-item-link-full_width elementor-widget elementor-widget-icon-list\" data-id=\"6cb0fc3\" data-element_type=\"widget\" data-e-type=\"widget\" data-widget_type=\"icon-list.default\">\n\t\t\t\t<div class=\"elementor-widget-container\">\n\t\t\t\t\t\t\t<ul class=\"elementor-icon-list-items\">\n\t\t\t\t\t\t\t<li class=\"elementor-icon-list-item\">\n\t\t\t\t\t\t\t\t\t\t\t<span class=\"elementor-icon-list-icon\">\n\t\t\t\t\t\t\t<svg xmlns=\"http:\/\/www.w3.org\/2000\/svg\" viewbox=\"0 0 58.4 33.8\"><g><g id=\"Layer_1\"><g><path d=\"M46.4,9.9l-1.9,1.9,8.7,8.7h-21.9c0-5.8-.8-11.7-5.6-15.7C21.7,1.4,15.7-.5,10.5.1,6.8.5,3.8,2.1,1.8,4.8.2,6.9-.3,9.3.2,11.8c.7,3.3,3.3,6.6,6.9,8.7,4.4,2.5,9.3,2.5,13.9,2.5h7.6s0,.3,0,.3c0,.8,0,1.7,0,2.5v.5h2.7v-.5c0-.8,0-1.7,0-2.5v-.3h22.1l-8.8,8.8,1.9,1.9,12-12-12-11.9ZM21,20.4c-4.3,0-8.8,0-12.6-2.1-3-1.8-5.1-4.4-5.7-6.9-.4-1.8,0-3.4,1.1-5,1.7-2.3,4.8-3.7,7.8-3.7s.2,0,.3,0h0c4.3,0,8.8,1.6,11.8,4.1,4.2,3.5,4.7,8.9,4.7,13.7h-7.6Z\"><\/path><rect x=\"28.6\" y=\"27.6\" width=\"2.7\" height=\"6.1\"><\/rect><\/g><\/g><\/g><\/svg>\t\t\t\t\t\t<\/span>\n\t\t\t\t\t\t\t\t\t\t<span class=\"elementor-icon-list-text\">Prozess: Online-Recherche, Literaturrecherche, Interviews, Story- und Trainingsdesign, Prototyping, Visuelles Design und Interaction Design, Testing und Optimierung <\/span>\n\t\t\t\t\t\t\t\t\t<\/li>\n\t\t\t\t\t\t\t\t<li class=\"elementor-icon-list-item\">\n\t\t\t\t\t\t\t\t\t\t\t<span class=\"elementor-icon-list-icon\">\n\t\t\t\t\t\t\t<svg xmlns=\"http:\/\/www.w3.org\/2000\/svg\" viewbox=\"0 0 58.4 33.8\"><g><g id=\"Layer_1\"><g><path d=\"M46.4,9.9l-1.9,1.9,8.7,8.7h-21.9c0-5.8-.8-11.7-5.6-15.7C21.7,1.4,15.7-.5,10.5.1,6.8.5,3.8,2.1,1.8,4.8.2,6.9-.3,9.3.2,11.8c.7,3.3,3.3,6.6,6.9,8.7,4.4,2.5,9.3,2.5,13.9,2.5h7.6s0,.3,0,.3c0,.8,0,1.7,0,2.5v.5h2.7v-.5c0-.8,0-1.7,0-2.5v-.3h22.1l-8.8,8.8,1.9,1.9,12-12-12-11.9ZM21,20.4c-4.3,0-8.8,0-12.6-2.1-3-1.8-5.1-4.4-5.7-6.9-.4-1.8,0-3.4,1.1-5,1.7-2.3,4.8-3.7,7.8-3.7s.2,0,.3,0h0c4.3,0,8.8,1.6,11.8,4.1,4.2,3.5,4.7,8.9,4.7,13.7h-7.6Z\"><\/path><rect x=\"28.6\" y=\"27.6\" width=\"2.7\" height=\"6.1\"><\/rect><\/g><\/g><\/g><\/svg>\t\t\t\t\t\t<\/span>\n\t\t\t\t\t\t\t\t\t\t<span class=\"elementor-icon-list-text\">Tools: Adobe Illustrator | Adobe Audition | Articulate Rise | ChatGPT 4mini | elevenlabs.io<\/span>\n\t\t\t\t\t\t\t\t\t<\/li>\n\t\t\t\t\t\t\t\t<li class=\"elementor-icon-list-item\">\n\t\t\t\t\t\t\t\t\t\t\t<span class=\"elementor-icon-list-icon\">\n\t\t\t\t\t\t\t<svg xmlns=\"http:\/\/www.w3.org\/2000\/svg\" viewbox=\"0 0 58.4 33.8\"><g><g id=\"Layer_1\"><g><path d=\"M46.4,9.9l-1.9,1.9,8.7,8.7h-21.9c0-5.8-.8-11.7-5.6-15.7C21.7,1.4,15.7-.5,10.5.1,6.8.5,3.8,2.1,1.8,4.8.2,6.9-.3,9.3.2,11.8c.7,3.3,3.3,6.6,6.9,8.7,4.4,2.5,9.3,2.5,13.9,2.5h7.6s0,.3,0,.3c0,.8,0,1.7,0,2.5v.5h2.7v-.5c0-.8,0-1.7,0-2.5v-.3h22.1l-8.8,8.8,1.9,1.9,12-12-12-11.9ZM21,20.4c-4.3,0-8.8,0-12.6-2.1-3-1.8-5.1-4.4-5.7-6.9-.4-1.8,0-3.4,1.1-5,1.7-2.3,4.8-3.7,7.8-3.7s.2,0,.3,0h0c4.3,0,8.8,1.6,11.8,4.1,4.2,3.5,4.7,8.9,4.7,13.7h-7.6Z\"><\/path><rect x=\"28.6\" y=\"27.6\" width=\"2.7\" height=\"6.1\"><\/rect><\/g><\/g><\/g><\/svg>\t\t\t\t\t\t<\/span>\n\t\t\t\t\t\t\t\t\t\t<span class=\"elementor-icon-list-text\">Jahr: 2024<\/span>\n\t\t\t\t\t\t\t\t\t<\/li>\n\t\t\t\t\t\t<\/ul>\n\t\t\t\t\t\t<\/div>\n\t\t\t\t<\/div>\n\t\t\t\t<\/div>\n\t\t<div class=\"elementor-element elementor-element-7a83624a e-con-full e-flex e-con e-child\" data-id=\"7a83624a\" data-element_type=\"container\" data-e-type=\"container\">\n\t\t\t\t<div class=\"elementor-element elementor-element-7187c7f7 elementor-widget elementor-widget-heading\" data-id=\"7187c7f7\" data-element_type=\"widget\" data-e-type=\"widget\" data-widget_type=\"heading.default\">\n\t\t\t\t<div class=\"elementor-widget-container\">\n\t\t\t\t\t<h2 class=\"elementor-heading-title elementor-size-default\">Kontext<\/h2>\t\t\t\t<\/div>\n\t\t\t\t<\/div>\n\t\t\t\t<\/div>\n\t\t\t\t<div class=\"elementor-element elementor-element-ef2698a elementor-widget elementor-widget-text-editor\" data-id=\"ef2698a\" data-element_type=\"widget\" data-e-type=\"widget\" data-widget_type=\"text-editor.default\">\n\t\t\t\t<div class=\"elementor-widget-container\">\n\t\t\t\t\t\t\t\t\t<p>Viele Designer:innen kennen das Ph\u00e4nomen des <span class=\"notion-enable-hover\" data-token-index=\"1\">Perfektionismus<\/span>mit all seinen Folgen: \u00dcberarbeitung, Burnout und Selbstzweifel. Als Designerin wollte ich ein Erlebnis schaffen, das Kreative anspricht, die st\u00e4ndig zwischen dem Streben nach Exzellenz und den Realit\u00e4ten des Berufsalltags balancieren und ihnen dabei praktische Strategien an die Hand geben, um mit diesen Herausforderungen umzugehen.<!-- notionvc: 9a1194f4-8ce5-4fad-9748-7ea814b1c3c3 --><\/p>\t\t\t\t\t\t\t\t<\/div>\n\t\t\t\t<\/div>\n\t\t<div class=\"elementor-element elementor-element-fe9ecac e-con-full e-flex e-con e-child\" data-id=\"fe9ecac\" data-element_type=\"container\" data-e-type=\"container\">\n\t\t\t\t<div class=\"elementor-element elementor-element-ec06298 elementor-widget elementor-widget-heading\" data-id=\"ec06298\" data-element_type=\"widget\" data-e-type=\"widget\" data-widget_type=\"heading.default\">\n\t\t\t\t<div class=\"elementor-widget-container\">\n\t\t\t\t\t<h2 class=\"elementor-heading-title elementor-size-default\">L\u00f6sung<\/h2>\t\t\t\t<\/div>\n\t\t\t\t<\/div>\n\t\t\t\t<\/div>\n\t\t\t\t<div class=\"elementor-element elementor-element-c7b4223 elementor-widget elementor-widget-text-editor\" data-id=\"c7b4223\" data-element_type=\"widget\" data-e-type=\"widget\" data-widget_type=\"text-editor.default\">\n\t\t\t\t<div class=\"elementor-widget-container\">\n\t\t\t\t\t\t\t\t\t<p><em><span class=\"notion-enable-hover\" data-token-index=\"0\">Pixel Perfect <\/span><\/em>Pixel Perfect ist eine interaktive Audio-Story, die die Nutzenden in das Leben von vier Designer:innen eintaucht \u2014 Sol, Alex, Xavier und Lotta \u2014 jede:r mit eigenen Herausforderungen rund um Kundenerwartungen, pers\u00f6nliche Anspr\u00fcche und Arbeitsgrenzen. Die Story verbindet die Immersion eines Podcasts mit praktischen Strategien wie dem Definieren von \"gut genug\" und dem Priorisieren von Aufgaben \u2014 ansprechend und lehrreich zugleich.<!-- notionvc: d0b70a51-9f5c-4904-aa30-5f661de21489 --><br \/><!-- notionvc: 9a1194f4-8ce5-4fad-9748-7ea814b1c3c3 --><\/p>\t\t\t\t\t\t\t\t<\/div>\n\t\t\t\t<\/div>\n\t\t\t\t<div class=\"elementor-element elementor-element-8f873b3 elementor-widget elementor-widget-image\" data-id=\"8f873b3\" data-element_type=\"widget\" data-e-type=\"widget\" data-widget_type=\"image.default\">\n\t\t\t\t<div class=\"elementor-widget-container\">\n\t\t\t\t\t\t\t\t\t\t\t\t<figure class=\"wp-caption\">\n\t\t\t\t\t\t\t\t\t\t<img decoding=\"async\" width=\"2918\" height=\"1870\" src=\"https:\/\/learningdesignerin.com\/wp-content\/uploads\/2024\/11\/Pixel-Perfect-The-Call.png\" class=\"attachment-full size-full wp-image-34246\" alt=\"Illustration of a video call between four people: Tony, Alex, Amanda, and Sol. Caption at the bottom: &#039;Sol and Alex have a video call with a new client. Start narration.\" srcset=\"https:\/\/learningdesignerin.com\/wp-content\/uploads\/2024\/11\/Pixel-Perfect-The-Call.png 2918w, https:\/\/learningdesignerin.com\/wp-content\/uploads\/2024\/11\/Pixel-Perfect-The-Call-300x192.png 300w, https:\/\/learningdesignerin.com\/wp-content\/uploads\/2024\/11\/Pixel-Perfect-The-Call-1024x656.png 1024w, https:\/\/learningdesignerin.com\/wp-content\/uploads\/2024\/11\/Pixel-Perfect-The-Call-768x492.png 768w, https:\/\/learningdesignerin.com\/wp-content\/uploads\/2024\/11\/Pixel-Perfect-The-Call-1536x984.png 1536w, https:\/\/learningdesignerin.com\/wp-content\/uploads\/2024\/11\/Pixel-Perfect-The-Call-2048x1312.png 2048w\" sizes=\"(max-width: 2918px) 100vw, 2918px\" \/>\t\t\t\t\t\t\t\t\t\t\t<figcaption class=\"widget-image-caption wp-caption-text\"><\/figcaption>\n\t\t\t\t\t\t\t\t\t\t<\/figure>\n\t\t\t\t\t\t\t\t\t<\/div>\n\t\t\t\t<\/div>\n\t\t\t\t<div class=\"elementor-element elementor-element-bdf4849 elementor-widget elementor-widget-image\" data-id=\"bdf4849\" data-element_type=\"widget\" data-e-type=\"widget\" data-widget_type=\"image.default\">\n\t\t\t\t<div class=\"elementor-widget-container\">\n\t\t\t\t\t\t\t\t\t\t\t\t<figure class=\"wp-caption\">\n\t\t\t\t\t\t\t\t\t\t<img decoding=\"async\" width=\"3120\" height=\"1870\" src=\"https:\/\/learningdesignerin.com\/wp-content\/uploads\/2024\/11\/The-Call-Reflect-Questions.png\" class=\"attachment-full size-full wp-image-34251\" alt=\"Content screen with two questions and options: &#039;Why did Sol reassure the client quickly?&#039; Options: &#039;Eager for a new project,&#039; &#039;Wants to display confidence,&#039; &#039;Wants to avoid discussion.&#039; &#039;Why could Alex be concerned about the briefing?&#039; Options: &#039;Wary of the challenge,&#039; &#039;Avoiding unrealistic expectations,&#039; &#039;Favors precision.&#039; Chapter 3 of 7: Pixel Perfect.\" srcset=\"https:\/\/learningdesignerin.com\/wp-content\/uploads\/2024\/11\/The-Call-Reflect-Questions.png 3120w, https:\/\/learningdesignerin.com\/wp-content\/uploads\/2024\/11\/The-Call-Reflect-Questions-300x180.png 300w, https:\/\/learningdesignerin.com\/wp-content\/uploads\/2024\/11\/The-Call-Reflect-Questions-1024x614.png 1024w, https:\/\/learningdesignerin.com\/wp-content\/uploads\/2024\/11\/The-Call-Reflect-Questions-768x460.png 768w, https:\/\/learningdesignerin.com\/wp-content\/uploads\/2024\/11\/The-Call-Reflect-Questions-1536x921.png 1536w, https:\/\/learningdesignerin.com\/wp-content\/uploads\/2024\/11\/The-Call-Reflect-Questions-2048x1227.png 2048w\" sizes=\"(max-width: 3120px) 100vw, 3120px\" \/>\t\t\t\t\t\t\t\t\t\t\t<figcaption class=\"widget-image-caption wp-caption-text\"><\/figcaption>\n\t\t\t\t\t\t\t\t\t\t<\/figure>\n\t\t\t\t\t\t\t\t\t<\/div>\n\t\t\t\t<\/div>\n\t\t<div class=\"elementor-element elementor-element-8d0367f e-con-full e-flex e-con e-child\" data-id=\"8d0367f\" data-element_type=\"container\" data-e-type=\"container\">\n\t\t\t\t<div class=\"elementor-element elementor-element-d7b6be4 elementor-widget elementor-widget-heading\" data-id=\"d7b6be4\" data-element_type=\"widget\" data-e-type=\"widget\" data-widget_type=\"heading.default\">\n\t\t\t\t<div class=\"elementor-widget-container\">\n\t\t\t\t\t<h2 class=\"elementor-heading-title elementor-size-default\">Result<\/h2>\t\t\t\t<\/div>\n\t\t\t\t<\/div>\n\t\t\t\t<div class=\"elementor-element elementor-element-ad8d800 elementor-widget elementor-widget-text-editor\" data-id=\"ad8d800\" data-element_type=\"widget\" data-e-type=\"widget\" data-widget_type=\"text-editor.default\">\n\t\t\t\t<div class=\"elementor-widget-container\">\n\t\t\t\t\t\t\t\t\t<p>Erstes Feedback hebt die Nachvollziehbarkeit der Charaktere und die praxisnahen Erkenntnisse hervor:<!-- notionvc: 588247dd-69fe-4f9e-bf8f-74bdd3afefc5 --><\/p>\t\t\t\t\t\t\t\t<\/div>\n\t\t\t\t<\/div>\n\t\t\t\t<\/div>\n\t\t<div class=\"elementor-element elementor-element-642158e e-con-full e-flex e-con e-child\" data-id=\"642158e\" data-element_type=\"container\" data-e-type=\"container\" data-settings=\"{&quot;background_background&quot;:&quot;classic&quot;}\">\n\t\t\t\t<div class=\"elementor-element elementor-element-b68752f elementor-widget elementor-widget-text-editor\" data-id=\"b68752f\" data-element_type=\"widget\" data-e-type=\"widget\" data-widget_type=\"text-editor.default\">\n\t\t\t\t<div class=\"elementor-widget-container\">\n\t\t\t\t\t\t\t\t\t<p><span class=\"notion-enable-hover\" data-token-index=\"0\">Ich habe selbst einige Strategien f\u00fcr mehr kreative Balance gelernt \u2014 danke daf\u00fcr.<\/span><!-- notionvc: 8ab883e9-76a1-4981-a6e4-1132834c4d0f --><\/p>\t\t\t\t\t\t\t\t<\/div>\n\t\t\t\t<\/div>\n\t\t\t\t<div class=\"elementor-element elementor-element-9cb4ac9 elementor-widget elementor-widget-heading\" data-id=\"9cb4ac9\" data-element_type=\"widget\" data-e-type=\"widget\" data-widget_type=\"heading.default\">\n\t\t\t\t<div class=\"elementor-widget-container\">\n\t\t\t\t\t<h2 class=\"elementor-heading-title elementor-size-default\">Graphic &amp; Motion Designer<\/h2>\t\t\t\t<\/div>\n\t\t\t\t<\/div>\n\t\t\t\t<\/div>\n\t\t<div class=\"elementor-element elementor-element-120b35f e-con-full e-flex e-con e-child\" data-id=\"120b35f\" data-element_type=\"container\" data-e-type=\"container\" data-settings=\"{&quot;background_background&quot;:&quot;classic&quot;}\">\n\t\t\t\t<div class=\"elementor-element elementor-element-21677a1 elementor-widget elementor-widget-text-editor\" data-id=\"21677a1\" data-element_type=\"widget\" data-e-type=\"widget\" data-widget_type=\"text-editor.default\">\n\t\t\t\t<div class=\"elementor-widget-container\">\n\t\t\t\t\t\t\t\t\t<p><span class=\"notion-enable-hover\" data-token-index=\"0\">Als Designerin kann ich mich mit einigen Elementen der Story identifizieren.<\/span><!-- notionvc: 839b66e4-f6c8-4225-aa9e-177daa58c54b --><br \/><!-- notionvc: 8ab883e9-76a1-4981-a6e4-1132834c4d0f --><\/p>\t\t\t\t\t\t\t\t<\/div>\n\t\t\t\t<\/div>\n\t\t\t\t<div class=\"elementor-element elementor-element-5e09c2d elementor-widget elementor-widget-heading\" data-id=\"5e09c2d\" data-element_type=\"widget\" data-e-type=\"widget\" data-widget_type=\"heading.default\">\n\t\t\t\t<div class=\"elementor-widget-container\">\n\t\t\t\t\t<h2 class=\"elementor-heading-title elementor-size-default\">Instructional Designer<\/h2>\t\t\t\t<\/div>\n\t\t\t\t<\/div>\n\t\t\t\t<\/div>\n\t\t<div class=\"elementor-element elementor-element-fa39bb3 e-con-full e-flex e-con e-child\" data-id=\"fa39bb3\" data-element_type=\"container\" data-e-type=\"container\" data-settings=\"{&quot;background_background&quot;:&quot;classic&quot;}\">\n\t\t\t\t<div class=\"elementor-element elementor-element-86f2fe8 elementor-widget elementor-widget-text-editor\" data-id=\"86f2fe8\" data-element_type=\"widget\" data-e-type=\"widget\" data-widget_type=\"text-editor.default\">\n\t\t\t\t<div class=\"elementor-widget-container\">\n\t\t\t\t\t\t\t\t\t<p><span class=\"notion-enable-hover\" data-token-index=\"0\">Es hat mich dazu gebracht, dar\u00fcber nachzudenken, wie ich in dieser Situation reagiert h\u00e4tte \u2014 oder wie ich in \u00e4hnlichen Situationen reagiert habe.<\/span><!-- notionvc: a4a05e12-579f-40e6-b439-8534421d61cd --><br \/><!-- notionvc: 8ab883e9-76a1-4981-a6e4-1132834c4d0f --><\/p>\t\t\t\t\t\t\t\t<\/div>\n\t\t\t\t<\/div>\n\t\t\t\t<div class=\"elementor-element elementor-element-efb7f72 elementor-widget elementor-widget-heading\" data-id=\"efb7f72\" data-element_type=\"widget\" data-e-type=\"widget\" data-widget_type=\"heading.default\">\n\t\t\t\t<div class=\"elementor-widget-container\">\n\t\t\t\t\t<h2 class=\"elementor-heading-title elementor-size-default\">Product Designer<\/h2>\t\t\t\t<\/div>\n\t\t\t\t<\/div>\n\t\t\t\t<\/div>\n\t\t<div class=\"elementor-element elementor-element-4a874b0 e-con-full e-flex e-con e-child\" data-id=\"4a874b0\" data-element_type=\"container\" data-e-type=\"container\">\n\t\t\t\t<div class=\"elementor-element elementor-element-f7380f3 elementor-widget elementor-widget-heading\" data-id=\"f7380f3\" data-element_type=\"widget\" data-e-type=\"widget\" data-widget_type=\"heading.default\">\n\t\t\t\t<div class=\"elementor-widget-container\">\n\t\t\t\t\t<h2 class=\"elementor-heading-title elementor-size-default\">Takeaways<\/h2>\t\t\t\t<\/div>\n\t\t\t\t<\/div>\n\t\t\t\t<div class=\"elementor-element elementor-element-bebafb0 elementor-widget elementor-widget-text-editor\" data-id=\"bebafb0\" data-element_type=\"widget\" data-e-type=\"widget\" data-widget_type=\"text-editor.default\">\n\t\t\t\t<div class=\"elementor-widget-container\">\n\t\t\t\t\t\t\t\t\t<p>Mit <em>Pixel Perfect<\/em>habe ich meine eigenen perfektionistischen Tendenzen konfrontiert und akzeptiert \u2014 und dabei gelernt, wie wichtig es ist, Ehrgeiz mit \"gut genug\" in Balance zu bringen. <em>&#8220;good enough.\u201d<\/em><\/p>\t\t\t\t\t\t\t\t<\/div>\n\t\t\t\t<\/div>\n\t\t\t\t<\/div>\n\t\t\t\t<div class=\"elementor-element elementor-element-c0fc120 elementor-align-center btn-link2 elementor-widget elementor-widget-button\" data-id=\"c0fc120\" data-element_type=\"widget\" data-e-type=\"widget\" data-widget_type=\"button.default\">\n\t\t\t\t<div class=\"elementor-widget-container\">\n\t\t\t\t\t\t\t\t\t<div class=\"elementor-button-wrapper\">\n\t\t\t\t\t<a class=\"elementor-button elementor-button-link elementor-size-sm elementor-animation-grow\" href=\"https:\/\/learningdesignerin.s3.eu-central-1.amazonaws.com\/Pixel+Perfect\/index.html#\/lessons\/TnQQA_MPW2GVwIVt6MLRaB7ZVqsRUIas\" target=\"_blank\">\n\t\t\t\t\t\t<span class=\"elementor-button-content-wrapper\">\n\t\t\t\t\t\t<span class=\"elementor-button-icon\">\n\t\t\t\t<svg xmlns=\"http:\/\/www.w3.org\/2000\/svg\" viewbox=\"0 0 58.4 33.8\"><g><g id=\"Layer_1\"><g><path d=\"M46.4,9.9l-1.9,1.9,8.7,8.7h-21.9c0-5.8-.8-11.7-5.6-15.7C21.7,1.4,15.7-.5,10.5.1,6.8.5,3.8,2.1,1.8,4.8.2,6.9-.3,9.3.2,11.8c.7,3.3,3.3,6.6,6.9,8.7,4.4,2.5,9.3,2.5,13.9,2.5h7.6s0,.3,0,.3c0,.8,0,1.7,0,2.5v.5h2.7v-.5c0-.8,0-1.7,0-2.5v-.3h22.1l-8.8,8.8,1.9,1.9,12-12-12-11.9ZM21,20.4c-4.3,0-8.8,0-12.6-2.1-3-1.8-5.1-4.4-5.7-6.9-.4-1.8,0-3.4,1.1-5,1.7-2.3,4.8-3.7,7.8-3.7s.2,0,.3,0h0c4.3,0,8.8,1.6,11.8,4.1,4.2,3.5,4.7,8.9,4.7,13.7h-7.6Z\"><\/path><rect x=\"28.6\" y=\"27.6\" width=\"2.7\" height=\"6.1\"><\/rect><\/g><\/g><\/g><\/svg>\t\t\t<\/span>\n\t\t\t\t\t\t\t\t\t<span class=\"elementor-button-text\">Pixel Perfect erkunden<\/span>\n\t\t\t\t\t<\/span>\n\t\t\t\t\t<\/a>\n\t\t\t\t<\/div>\n\t\t\t\t\t\t\t\t<\/div>\n\t\t\t\t<\/div>\n\t\t\t\t<\/div>\n\t\t\t\t\t<\/div>\n\t\t\t\t<\/div>\n\t\t\t\t<\/div>","protected":false},"excerpt":{"rendered":"<p>Pixel Perfect is an interactive audio story about creatives juggling high standards with real-world demands. Project details Process: online research, literature review, interviews, story and training design, prototyping, visual and interaction design, testing and improvement Tools: Adobe Illustrator | Adobe Audition | Articulate Rise | Chat GPT 4mini | elevenlabs.io Year: 2024 Context Many designers [&hellip;]<\/p>\n","protected":false},"author":1,"featured_media":0,"parent":0,"menu_order":0,"comment_status":"closed","ping_status":"closed","template":"","meta":{"footnotes":""},"class_list":["post-33978","page","type-page","status-publish","hentry"],"_links":{"self":[{"href":"https:\/\/learningdesignerin.com\/de\/wp-json\/wp\/v2\/pages\/33978","targetHints":{"allow":["GET"]}}],"collection":[{"href":"https:\/\/learningdesignerin.com\/de\/wp-json\/wp\/v2\/pages"}],"about":[{"href":"https:\/\/learningdesignerin.com\/de\/wp-json\/wp\/v2\/types\/page"}],"author":[{"embeddable":true,"href":"https:\/\/learningdesignerin.com\/de\/wp-json\/wp\/v2\/users\/1"}],"replies":[{"embeddable":true,"href":"https:\/\/learningdesignerin.com\/de\/wp-json\/wp\/v2\/comments?post=33978"}],"version-history":[{"count":60,"href":"https:\/\/learningdesignerin.com\/de\/wp-json\/wp\/v2\/pages\/33978\/revisions"}],"predecessor-version":[{"id":36006,"href":"https:\/\/learningdesignerin.com\/de\/wp-json\/wp\/v2\/pages\/33978\/revisions\/36006"}],"wp:attachment":[{"href":"https:\/\/learningdesignerin.com\/de\/wp-json\/wp\/v2\/media?parent=33978"}],"curies":[{"name":"wp","href":"https:\/\/api.w.org\/{rel}","templated":true}]}}