{"id":33843,"date":"2024-11-07T12:15:53","date_gmt":"2024-11-07T11:15:53","guid":{"rendered":"https:\/\/learningdesignerin.com\/?page_id=33843"},"modified":"2026-03-02T16:42:37","modified_gmt":"2026-03-02T15:42:37","slug":"privacy-policy","status":"publish","type":"page","link":"https:\/\/learningdesignerin.com\/de\/privacy-policy\/","title":{"rendered":"Datenschutzerkl\u00e4rung"},"content":{"rendered":"<div data-elementor-type=\"wp-page\" data-elementor-id=\"33843\" class=\"elementor elementor-33843\" data-elementor-post-type=\"page\">\n\t\t\t\t<div class=\"elementor-element elementor-element-a0cbc1e e-flex e-con-boxed e-con e-parent\" data-id=\"a0cbc1e\" data-element_type=\"container\" data-e-type=\"container\">\n\t\t\t\t\t<div class=\"e-con-inner\">\n\t\t\t\t\t<\/div>\n\t\t\t\t<\/div>\n\t\t<div class=\"elementor-element elementor-element-6c42080 e-flex e-con-boxed e-con e-parent\" data-id=\"6c42080\" data-element_type=\"container\" data-e-type=\"container\" data-settings=\"{&quot;background_background&quot;:&quot;classic&quot;}\">\n\t\t\t\t\t<div class=\"e-con-inner\">\n\t\t<div class=\"elementor-element elementor-element-635c9e1 e-con-full e-flex e-con e-child\" data-id=\"635c9e1\" data-element_type=\"container\" data-e-type=\"container\" data-settings=\"{&quot;background_background&quot;:&quot;classic&quot;}\">\n\t\t\t\t<div class=\"elementor-element elementor-element-3a1c5ba elementor-widget__width-inherit elementor-widget elementor-widget-text-editor\" data-id=\"3a1c5ba\" data-element_type=\"widget\" data-e-type=\"widget\" data-widget_type=\"text-editor.default\">\n\t\t\t\t<div class=\"elementor-widget-container\">\n\t\t\t\t\t\t\t\t\t<p>Zuletzt aktualisiert: 02. M\u00e4rz, 2026<\/p>\t\t\t\t\t\t\t\t<\/div>\n\t\t\t\t<\/div>\n\t\t\t\t<div class=\"elementor-element elementor-element-aa73cd3 elementor-widget elementor-widget-text-editor\" data-id=\"aa73cd3\" data-element_type=\"widget\" data-e-type=\"widget\" data-widget_type=\"text-editor.default\">\n\t\t\t\t<div class=\"elementor-widget-container\">\n\t\t\t\t\t\t\t\t\t<p>This policy explains what personal data is collected when you use this website, why it is collected, and what rights you have regarding your data. The responsible party for data processing on this website is:<\/p><p>Teresa Moreno<br \/>Dr.-Dorothea-Erxleben-Str. 15<br \/>41464 Neuss, Deutschland<br \/><a href=\"mailto:teresa@learningdesignerin.com\">teresa@learningdesignerin.com<\/a><\/p><p><!-- notionvc: d73f4489-db16-4d14-a844-6ebb06913205 --><\/p>\t\t\t\t\t\t\t\t<\/div>\n\t\t\t\t<\/div>\n\t\t\t\t<div class=\"elementor-element elementor-element-89ba8a0 elementor-widget elementor-widget-text-editor\" data-id=\"89ba8a0\" data-element_type=\"widget\" data-e-type=\"widget\" data-widget_type=\"text-editor.default\">\n\t\t\t\t<div class=\"elementor-widget-container\">\n\t\t\t\t\t\t\t\t\t<h2>Welche Daten erhoben werden und warum<\/h2><p><strong>Server-Logfiles.<\/strong>\u00a0Beim Besuch dieser Website uebermittelt Ihr Browser automatisch technische Daten an den Server (IP-Adresse, Browsertyp, Betriebssystem, Referrer, Zeitstempel). Diese Daten werden zur Sicherstellung des Betriebs und der Sicherheit der Website verarbeitet und nach jeder Sitzung geloescht. Rechtsgrundlage: Art. 6 Abs. 1 lit. f DSGVO. Das Hosting erfolgt durch Infomaniak Network SA, Genf, Schweiz.<\/p><p><strong>Email contact.<\/strong>\u00a0Wenn du mir eine E-Mail schreiben, verarbeite ich deinen Namen, deine E-Mail-Adresse und den Nachrichteninhalt, um deine Anfrage zu beantworten. Die Daten werden bis zur Klaerung des Anliegens gespeichert, bei vertraglichem Bezug bis zu 10 Jahre. Rechtsgrundlage: Art. 6 Abs. 1 lit. b oder lit. f DSGVO.<\/p><p><strong>Terminbuchung<\/strong>\u00a0Die Buchung eines Gespraechstermins erfolgt ueber Google Calendar (Google Ireland Limited, Dublin). Die dabei eingegebenen Daten \u2013 Name, E-Mail-Adresse, Gespraechsanlass \u2013 werden von Google verarbeitet und koennen auf Grundlage des EU-U.S. Data Privacy Framework sowie Standardvertragsklauseln in die USA uebermittelt werden. Rechtsgrundlage: Art. 6 Abs. 1 lit. b DSGVO.<\/p><p><strong>Newsletter.<\/strong>\u00a0Bei einer Newsletter-Anmeldung wird deine E-Mail-Adresse ueber MailPoet und die Infrastruktur von Automattic (USA) verarbeitet, abgesichert durch einen Auftragsverarbeitungsvertrag und Standardvertragsklauseln. Die Anmeldung erfolgt per Double-Opt-In: du wirst erst nach Bestaetigung des dir zugesandten Links eingetragen. Die Anmeldung wird protokolliert (Zeitstempel, IP-Adresse). Eine Abmeldung ist jederzeit ueber den Link in jeder E-Mail moeglich. Rechtsgrundlage: Art. 6 Abs. 1 lit. a DSGVO.<\/p><p><strong>Google Analytics.<\/strong>\u00a0Diese Website verwendet Google Analytics, um das Nutzungsverhalten zu verstehen. Die IP-Anonymisierung ist aktiviert. Cookies werden nur mit deiner Einwilligung gesetzt (verwaltet ueber das Cookie-Banner). Daten koennen auf Grundlage des EU-U.S. Data Privacy Framework an Google-Server in die USA uebermittelt werden. Du kannst der Datenerhebung ueber das Google Analytics Opt-out-Add-on widersprechen. Rechtsgrundlage: Art. 6 Abs. 1 lit. a DSGVO.\u00a0<a href=\"https:\/\/tools.google.com\/dlpage\/gaoptout\" target=\"_blank\" rel=\"noopener\">Google Analytics opt-out add-on<\/a>. Legal basis: Art. 6(1)(a) GDPR.<\/p><p><strong>YouTube.<\/strong>\u00a0Auf einigen Seiten sind YouTube-Videos eingebettet (Google Ireland Limited, Dublin). Beim Abspielen eines Videos erhaelt Google Ihre IP-Adresse und Browserdaten. Wenn du in einem Google-Konto eingeloggt bist, kann YouTube diese Daten deinem Profil zuordnen. Eine Uebermittlung in die USA erfolgt auf Grundlage des EU-U.S. Data Privacy Framework. Rechtsgrundlage: Art. 6 Abs. 1 lit. a DSGVO.<\/p><p><strong>Cookie-Einwilligung (Cookiebot).<\/strong>\u00a0Deine Einwilligungsentscheidungen werden von Cookiebot (Cybot A\/S, Kopenhagen) erfasst und gespeichert. Dies ist zur Dokumentation der Einwilligung gesetzlich erforderlich. Rechtsgrundlage: Art. 6 Abs. 1 lit. c DSGVO.<\/p><p><strong>Spam-Schutz (Google reCAPTCHA).<\/strong>\u00a0Kontaktformulare verwenden reCAPTCHA (Google Ireland Limited), um automatisierte Einsendungen zu verhindern. IP-Adresse und Formularinteraktionsdaten koennen auf Grundlage des EU-U.S. Data Privacy Framework an Google-Server in die USA uebermittelt werden. Rechtsgrundlage: Art. 6 Abs. 1 lit. f DSGVO.<\/p><p><strong>E-learning-Beispiele<\/strong>\u00a0nteraktive Lernbeispiele, die von dieser Website verlinkt sind, werden auf Amazon Web Services (USA) gehostet. Beim Zugriff werden technische Daten wie deine IP-Adresse auf AWS-Servern auf Grundlage von Standardvertragsklauseln verarbeitet. Rechtsgrundlage: Art. 6 Abs. 1 lit. f DSGVO.<\/p><p><!-- notionvc: d73f4489-db16-4d14-a844-6ebb06913205 --><\/p>\t\t\t\t\t\t\t\t<\/div>\n\t\t\t\t<\/div>\n\t\t\t\t<div class=\"elementor-element elementor-element-55fb2b1 elementor-widget-divider--view-line elementor-widget elementor-widget-divider\" data-id=\"55fb2b1\" data-element_type=\"widget\" data-e-type=\"widget\" data-widget_type=\"divider.default\">\n\t\t\t\t<div class=\"elementor-widget-container\">\n\t\t\t\t\t\t\t<div class=\"elementor-divider\">\n\t\t\t<span class=\"elementor-divider-separator\">\n\t\t\t\t\t\t<\/span>\n\t\t<\/div>\n\t\t\t\t\t\t<\/div>\n\t\t\t\t<\/div>\n\t\t\t\t<div class=\"elementor-element elementor-element-865c145 elementor-widget elementor-widget-text-editor\" data-id=\"865c145\" data-element_type=\"widget\" data-e-type=\"widget\" data-widget_type=\"text-editor.default\">\n\t\t\t\t<div class=\"elementor-widget-container\">\n\t\t\t\t\t\t\t\t\t<h2>\u00a02. Your rights<\/h2><p>Nach der DSGVO hast du das Recht auf Auskunft, Berichtigung, L\u00f6schung oder Einschr\u00e4kung der Verarbeitung deiner personenbezogenen Daten, auf Widerspruch gegen die Verarbeitung sowie auf Daten\u00fcbertragbarkeit. Anfragen kannst du schicken an\u00a0<a href=\"mailto:teresa@learningdesignerin.com\">teresa@learningdesignerin.com<\/a>Ich beantworte deine Anfrage innerhalb von 30 Tagen. Dar\u00fcber hinaus hast du das Recht, sich bei der zust\u00e4ndigen Aufsichtsbeh\u00f6rde zu beschweren:\u00a0<a href=\"https:\/\/www.ldi.nrw.de\/\" target=\"_blank\" rel=\"noopener\">ldi.nrw.de<\/a>.<\/p><p><!-- notionvc: d73f4489-db16-4d14-a844-6ebb06913205 --><\/p>\t\t\t\t\t\t\t\t<\/div>\n\t\t\t\t<\/div>\n\t\t\t\t<div class=\"elementor-element elementor-element-0f4fa42 elementor-widget elementor-widget-text-editor\" data-id=\"0f4fa42\" data-element_type=\"widget\" data-e-type=\"widget\" data-widget_type=\"text-editor.default\">\n\t\t\t\t<div class=\"elementor-widget-container\">\n\t\t\t\t\t\t\t\t\t<h2>3. Changes<\/h2><p>Diese Datenschutzerkl\u00e4rung kann jederzeit aktualisiert werden. Die jeweils aktuelle Version ist unter learningdesignerin.com\/datenschutz abrufbar.\u00a0<a href=\"https:\/\/learningdesignerin.com\/de\/privacy-policy\/\">learningdesignerin.com\/privacy-policy<\/a>.<\/p><p><!-- notionvc: d73f4489-db16-4d14-a844-6ebb06913205 --><\/p>\t\t\t\t\t\t\t\t<\/div>\n\t\t\t\t<\/div>\n\t\t\t\t<\/div>\n\t\t\t\t<div class=\"elementor-element elementor-element-297a4b0 elementor-widget elementor-widget-text-editor\" data-id=\"297a4b0\" data-element_type=\"widget\" data-e-type=\"widget\" data-widget_type=\"text-editor.default\">\n\t\t\t\t<div class=\"elementor-widget-container\">\n\t\t\t\t\t\t\t\t\t<p>Lorem ipsum dolor sit amet, consectetur adipiscing elit. Ut elit tellus, luctus nec ullamcorper mattis, pulvinar dapibus leo.<\/p>\t\t\t\t\t\t\t\t<\/div>\n\t\t\t\t<\/div>\n\t\t\t\t\t<\/div>\n\t\t\t\t<\/div>\n\t\t\t\t<\/div>","protected":false},"excerpt":{"rendered":"<p>Last updated on: March 02, 2026 This policy explains what personal data is collected when you use this website, why it is collected, and what rights you have regarding your data. The responsible party for data processing on this website is: Teresa MorenoDr.-Dorothea-Erxleben-Str. 1541464 Neuss, Germanyteresa@learningdesignerin.com 1. What data we collect and why Server logs.\u00a0When [&hellip;]<\/p>\n","protected":false},"author":1,"featured_media":0,"parent":0,"menu_order":0,"comment_status":"closed","ping_status":"closed","template":"","meta":{"footnotes":""},"class_list":["post-33843","page","type-page","status-publish","hentry"],"_links":{"self":[{"href":"https:\/\/learningdesignerin.com\/de\/wp-json\/wp\/v2\/pages\/33843","targetHints":{"allow":["GET"]}}],"collection":[{"href":"https:\/\/learningdesignerin.com\/de\/wp-json\/wp\/v2\/pages"}],"about":[{"href":"https:\/\/learningdesignerin.com\/de\/wp-json\/wp\/v2\/types\/page"}],"author":[{"embeddable":true,"href":"https:\/\/learningdesignerin.com\/de\/wp-json\/wp\/v2\/users\/1"}],"replies":[{"embeddable":true,"href":"https:\/\/learningdesignerin.com\/de\/wp-json\/wp\/v2\/comments?post=33843"}],"version-history":[{"count":49,"href":"https:\/\/learningdesignerin.com\/de\/wp-json\/wp\/v2\/pages\/33843\/revisions"}],"predecessor-version":[{"id":36055,"href":"https:\/\/learningdesignerin.com\/de\/wp-json\/wp\/v2\/pages\/33843\/revisions\/36055"}],"wp:attachment":[{"href":"https:\/\/learningdesignerin.com\/de\/wp-json\/wp\/v2\/media?parent=33843"}],"curies":[{"name":"wp","href":"https:\/\/api.w.org\/{rel}","templated":true}]}}